{"id":7082,"date":"2021-08-13T16:24:21","date_gmt":"2021-08-13T23:24:21","guid":{"rendered":"https:\/\/sonaar.battl-victory-records.de\/?page_id=7082"},"modified":"2023-03-27T03:07:52","modified_gmt":"2023-03-27T10:07:52","slug":"record-label","status":"publish","type":"page","link":"https:\/\/battl-victory-records.com\/fr\/record-label\/","title":{"rendered":"Label"},"content":{"rendered":"<div data-elementor-type=\"wp-post\" data-elementor-id=\"7082\" class=\"elementor elementor-7082\" data-elementor-post-type=\"page\">\n\t\t\t\t\t\t<section class=\"ob-is-breaking-bad elementor-section elementor-top-section elementor-element elementor-element-e2a641d elementor-section-stretched elementor-section-height-min-height animated-slow elementor-section-boxed elementor-section-height-default elementor-section-items-middle elementor-invisible\" data-id=\"e2a641d\" data-element_type=\"section\" data-e-type=\"section\" data-settings=\"{&quot;stretch_section&quot;:&quot;section-stretched&quot;,&quot;background_background&quot;:&quot;classic&quot;,&quot;animation&quot;:&quot;fadeIn&quot;,&quot;_ob_bbad_use_it&quot;:&quot;yes&quot;,&quot;_ob_bbad_sssic_use&quot;:&quot;no&quot;,&quot;_ob_glider_is_slider&quot;:&quot;no&quot;,&quot;ekit_has_onepagescroll_dot&quot;:&quot;yes&quot;}\">\n\t\t\t\t\t\t<div class=\"elementor-container elementor-column-gap-default\">\n\t\t\t\t\t<div class=\"elementor-column elementor-col-100 elementor-top-column elementor-element elementor-element-4abaacb\" data-id=\"4abaacb\" data-element_type=\"column\" data-e-type=\"column\" data-settings=\"{&quot;_ob_bbad_is_stalker&quot;:&quot;no&quot;,&quot;_ob_teleporter_use&quot;:false,&quot;_ob_column_hoveranimator&quot;:&quot;no&quot;,&quot;_ob_column_has_pseudo&quot;:&quot;no&quot;}\">\n\t\t\t<div class=\"elementor-widget-wrap elementor-element-populated\">\n\t\t\t\t\t\t<div class=\"elementor-element elementor-element-b8f9c19 animated-slow ob-harakiri-inherit elementor-invisible ob-has-background-overlay elementor-widget elementor-widget-heading\" data-id=\"b8f9c19\" data-element_type=\"widget\" data-e-type=\"widget\" data-settings=\"{&quot;_animation&quot;:&quot;fadeInUp&quot;,&quot;_animation_delay&quot;:300,&quot;_ob_use_harakiri&quot;:&quot;yes&quot;,&quot;_ob_harakiri_writing_mode&quot;:&quot;inherit&quot;,&quot;_ob_harakiri_text_clip&quot;:&quot;none&quot;,&quot;_ob_perspektive_use&quot;:&quot;no&quot;,&quot;ekit_we_effect_on&quot;:&quot;none&quot;,&quot;_ob_poopart_use&quot;:&quot;yes&quot;,&quot;_ob_shadough_use&quot;:&quot;no&quot;,&quot;_ob_allow_hoveranimator&quot;:&quot;no&quot;,&quot;_ob_widget_stalker_use&quot;:&quot;no&quot;}\" data-widget_type=\"heading.default\">\n\t\t\t\t<div class=\"elementor-widget-container\">\n\t\t\t\t\t<h1 class=\"elementor-heading-title elementor-size-default\">We Are<br>Battl Victory Records<\/h1>\t\t\t\t<\/div>\n\t\t\t\t<\/div>\n\t\t\t\t\t<\/div>\n\t\t<\/div>\n\t\t\t\t\t<\/div>\n\t\t<\/section>\n\t\t\t\t<section class=\"ob-is-breaking-bad elementor-section elementor-top-section elementor-element elementor-element-c13becd elementor-section-boxed elementor-section-height-default elementor-section-height-default\" data-id=\"c13becd\" data-element_type=\"section\" data-e-type=\"section\" data-settings=\"{&quot;_ob_bbad_use_it&quot;:&quot;yes&quot;,&quot;_ob_bbad_sssic_use&quot;:&quot;no&quot;,&quot;_ob_glider_is_slider&quot;:&quot;no&quot;,&quot;ekit_has_onepagescroll_dot&quot;:&quot;yes&quot;}\">\n\t\t\t\t\t\t<div class=\"elementor-container elementor-column-gap-default\">\n\t\t\t\t\t<div class=\"elementor-column elementor-col-100 elementor-top-column elementor-element elementor-element-14db15f\" data-id=\"14db15f\" data-element_type=\"column\" data-e-type=\"column\" data-settings=\"{&quot;background_background&quot;:&quot;gradient&quot;,&quot;_ob_bbad_is_stalker&quot;:&quot;no&quot;,&quot;_ob_teleporter_use&quot;:false,&quot;_ob_column_hoveranimator&quot;:&quot;no&quot;,&quot;_ob_column_has_pseudo&quot;:&quot;no&quot;}\">\n\t\t\t<div class=\"elementor-widget-wrap elementor-element-populated\">\n\t\t\t\t\t\t<section class=\"ob-is-breaking-bad ob-bb-inner elementor-section elementor-inner-section elementor-element elementor-element-371538b elementor-section-boxed elementor-section-height-default elementor-section-height-default\" data-id=\"371538b\" data-element_type=\"section\" data-e-type=\"section\" data-settings=\"{&quot;_ob_bbad_use_it&quot;:&quot;yes&quot;,&quot;_ob_bbad_sssic_use&quot;:&quot;no&quot;,&quot;_ob_glider_is_slider&quot;:&quot;no&quot;,&quot;ekit_has_onepagescroll_dot&quot;:&quot;yes&quot;}\">\n\t\t\t\t\t\t<div class=\"elementor-container elementor-column-gap-default\">\n\t\t\t\t\t<div class=\"elementor-column elementor-col-66 elementor-inner-column elementor-element elementor-element-3cb92dc\" data-id=\"3cb92dc\" data-element_type=\"column\" data-e-type=\"column\" data-settings=\"{&quot;_ob_bbad_is_stalker&quot;:&quot;no&quot;,&quot;_ob_teleporter_use&quot;:false,&quot;_ob_column_hoveranimator&quot;:&quot;no&quot;,&quot;_ob_column_has_pseudo&quot;:&quot;no&quot;}\">\n\t\t\t<div class=\"elementor-widget-wrap elementor-element-populated\">\n\t\t\t\t\t\t<div class=\"elementor-element elementor-element-9293905 ob-harakiri-inherit elementor-invisible ob-has-background-overlay elementor-widget elementor-widget-heading\" data-id=\"9293905\" data-element_type=\"widget\" data-e-type=\"widget\" data-settings=\"{&quot;_animation&quot;:&quot;fadeInUp&quot;,&quot;_ob_use_harakiri&quot;:&quot;yes&quot;,&quot;_ob_harakiri_writing_mode&quot;:&quot;inherit&quot;,&quot;_ob_harakiri_text_clip&quot;:&quot;none&quot;,&quot;_ob_perspektive_use&quot;:&quot;no&quot;,&quot;ekit_we_effect_on&quot;:&quot;none&quot;,&quot;_ob_poopart_use&quot;:&quot;yes&quot;,&quot;_ob_shadough_use&quot;:&quot;no&quot;,&quot;_ob_allow_hoveranimator&quot;:&quot;no&quot;,&quot;_ob_widget_stalker_use&quot;:&quot;no&quot;}\" data-widget_type=\"heading.default\">\n\t\t\t\t<div class=\"elementor-widget-container\">\n\t\t\t\t\t<h1 class=\"elementor-heading-title elementor-size-default\">\u00c0 propos<\/h1>\t\t\t\t<\/div>\n\t\t\t\t<\/div>\n\t\t\t\t<div class=\"elementor-element elementor-element-cb911a6 animated-slow ob-harakiri-inherit elementor-invisible ob-has-background-overlay elementor-widget elementor-widget-heading\" data-id=\"cb911a6\" data-element_type=\"widget\" data-e-type=\"widget\" data-settings=\"{&quot;_animation&quot;:&quot;fadeInUp&quot;,&quot;_animation_delay&quot;:600,&quot;_ob_use_harakiri&quot;:&quot;yes&quot;,&quot;_ob_harakiri_writing_mode&quot;:&quot;inherit&quot;,&quot;_ob_harakiri_text_clip&quot;:&quot;none&quot;,&quot;_ob_perspektive_use&quot;:&quot;no&quot;,&quot;ekit_we_effect_on&quot;:&quot;none&quot;,&quot;_ob_poopart_use&quot;:&quot;yes&quot;,&quot;_ob_shadough_use&quot;:&quot;no&quot;,&quot;_ob_allow_hoveranimator&quot;:&quot;no&quot;,&quot;_ob_widget_stalker_use&quot;:&quot;no&quot;}\" data-widget_type=\"heading.default\">\n\t\t\t\t<div class=\"elementor-widget-container\">\n\t\t\t\t\t<h2 class=\"elementor-heading-title elementor-size-default\">Chez Battl Victory Records, l\u2019artiste passe avant tout. \nPour nous, c\u2019est facile, nous sommes aussi des musiciens ici. Nous avons jou\u00e9 devant des salles avec des foules de 2-3 personnes dans le public ; en tant que musiciens, nous avons gal\u00e9r\u00e9 pour d\u00e9velopper nos r\u00e9seaux sociaux et organis\u00e9 nos propres tourn\u00e9es. Nous nous sommes lanc\u00e9s dans la distribution et avons d\u00e9couvert \u00e0 quel point \u00e7a peut \u00eatre compliqu\u00e9. Seul, c\u2019est vraiment difficile. Tu te dis facilement que tu vas abandonner et r\u00e9essayer plus tard, mais combien de fois reviens-tu \u00e0 la case d\u00e9part?<\/h2>\t\t\t\t<\/div>\n\t\t\t\t<\/div>\n\t\t\t\t\t<\/div>\n\t\t<\/div>\n\t\t\t\t<div class=\"elementor-column elementor-col-33 elementor-inner-column elementor-element elementor-element-2d5e627\" data-id=\"2d5e627\" data-element_type=\"column\" data-e-type=\"column\" data-settings=\"{&quot;_ob_bbad_is_stalker&quot;:&quot;no&quot;,&quot;_ob_teleporter_use&quot;:false,&quot;_ob_column_hoveranimator&quot;:&quot;no&quot;,&quot;_ob_column_has_pseudo&quot;:&quot;no&quot;}\">\n\t\t\t<div class=\"elementor-widget-wrap elementor-element-populated\">\n\t\t\t\t\t\t<div class=\"elementor-element elementor-element-b88a5d2 elementor-align-center ob-has-background-overlay elementor-widget elementor-widget-lottie\" data-id=\"b88a5d2\" data-element_type=\"widget\" data-e-type=\"widget\" data-settings=\"{&quot;source_json&quot;:{&quot;url&quot;:&quot;https:\\\/\\\/battl-victory-records.com\\\/wp-content\\\/uploads\\\/2021\\\/08\\\/music.json&quot;,&quot;id&quot;:7237,&quot;size&quot;:&quot;&quot;},&quot;loop&quot;:&quot;yes&quot;,&quot;lazyload&quot;:&quot;yes&quot;,&quot;source&quot;:&quot;media_file&quot;,&quot;caption_source&quot;:&quot;none&quot;,&quot;link_to&quot;:&quot;none&quot;,&quot;trigger&quot;:&quot;arriving_to_viewport&quot;,&quot;viewport&quot;:{&quot;unit&quot;:&quot;%&quot;,&quot;size&quot;:&quot;&quot;,&quot;sizes&quot;:{&quot;start&quot;:0,&quot;end&quot;:100}},&quot;play_speed&quot;:{&quot;unit&quot;:&quot;px&quot;,&quot;size&quot;:1,&quot;sizes&quot;:[]},&quot;start_point&quot;:{&quot;unit&quot;:&quot;%&quot;,&quot;size&quot;:0,&quot;sizes&quot;:[]},&quot;end_point&quot;:{&quot;unit&quot;:&quot;%&quot;,&quot;size&quot;:100,&quot;sizes&quot;:[]},&quot;renderer&quot;:&quot;svg&quot;,&quot;_ob_perspektive_use&quot;:&quot;no&quot;,&quot;ekit_we_effect_on&quot;:&quot;none&quot;,&quot;_ob_poopart_use&quot;:&quot;yes&quot;,&quot;_ob_shadough_use&quot;:&quot;no&quot;,&quot;_ob_allow_hoveranimator&quot;:&quot;no&quot;,&quot;_ob_widget_stalker_use&quot;:&quot;no&quot;}\" data-widget_type=\"lottie.default\">\n\t\t\t\t<div class=\"elementor-widget-container\">\n\t\t\t\t\t<div class=\"e-lottie__container\"><div class=\"e-lottie__animation\"><\/div><\/div>\t\t\t\t<\/div>\n\t\t\t\t<\/div>\n\t\t\t\t\t<\/div>\n\t\t<\/div>\n\t\t\t\t\t<\/div>\n\t\t<\/section>\n\t\t\t\t<section class=\"ob-is-breaking-bad ob-bb-inner elementor-section elementor-inner-section elementor-element elementor-element-8cf3d57 elementor-section-boxed elementor-section-height-default elementor-section-height-default\" data-id=\"8cf3d57\" data-element_type=\"section\" data-e-type=\"section\" data-settings=\"{&quot;_ob_bbad_use_it&quot;:&quot;yes&quot;,&quot;_ob_bbad_sssic_use&quot;:&quot;no&quot;,&quot;_ob_glider_is_slider&quot;:&quot;no&quot;,&quot;ekit_has_onepagescroll_dot&quot;:&quot;yes&quot;}\">\n\t\t\t\t\t\t<div class=\"elementor-container elementor-column-gap-default\">\n\t\t\t\t\t<div class=\"elementor-column elementor-col-100 elementor-inner-column elementor-element elementor-element-d8b3321\" data-id=\"d8b3321\" data-element_type=\"column\" data-e-type=\"column\" data-settings=\"{&quot;_ob_bbad_is_stalker&quot;:&quot;no&quot;,&quot;_ob_teleporter_use&quot;:false,&quot;_ob_column_hoveranimator&quot;:&quot;no&quot;,&quot;_ob_column_has_pseudo&quot;:&quot;no&quot;}\">\n\t\t\t<div class=\"elementor-widget-wrap elementor-element-populated\">\n\t\t\t\t\t\t<div class=\"elementor-element elementor-element-5fdd14d elementor-drop-cap-yes ob-harakiri-inherit elementor-drop-cap-view-default elementor-invisible ob-has-background-overlay elementor-widget elementor-widget-text-editor\" data-id=\"5fdd14d\" data-element_type=\"widget\" data-e-type=\"widget\" data-settings=\"{&quot;drop_cap&quot;:&quot;yes&quot;,&quot;_animation&quot;:&quot;fadeInUp&quot;,&quot;_animation_delay&quot;:1200,&quot;_ob_use_harakiri&quot;:&quot;yes&quot;,&quot;_ob_harakiri_writing_mode&quot;:&quot;inherit&quot;,&quot;_ob_postman_use&quot;:&quot;no&quot;,&quot;_ob_perspektive_use&quot;:&quot;no&quot;,&quot;ekit_we_effect_on&quot;:&quot;none&quot;,&quot;_ob_poopart_use&quot;:&quot;yes&quot;,&quot;_ob_shadough_use&quot;:&quot;no&quot;,&quot;_ob_allow_hoveranimator&quot;:&quot;no&quot;,&quot;_ob_widget_stalker_use&quot;:&quot;no&quot;}\" data-widget_type=\"text-editor.default\">\n\t\t\t\t<div class=\"elementor-widget-container\">\n\t\t\t\t\t\t\t\t\t<p align=\"left\">C\u2019est l\u00e0 que nous entrons en sc\u00e8ne ! Nos artistes ont la priorit\u00e9 dans tout ce que nous entreprenons, parce que nous sommes aussi pass\u00e9s par l\u00e0. Nous t\u2019aidons dans tous les domaines, de l\u2019\u00e9criture \u00e0 la production, en passant par le marketing ou encore la distribution. Qu\u2019il s\u2019agisse de CDs, de streaming, de vinyles ou de toute autre plateforme musicale, nous nous occupons de toi.<\/p><p align=\"left\">Battl Victory Records a \u00e9t\u00e9 fond\u00e9 en 2015 en Suisse par Daniel Sejpka en tant que label ind\u00e9pendant, et nous le sommes rest\u00e9s. Nous n\u2019avons pas besoin de l\u2019argent des gros bonnets : nous faisons en sorte que \u00e7a fonctionne gr\u00e2ce \u00e0 notre savoir-faire. En soutenant nos artistes de notre mieux. Nous avons fait le choix de ce syst\u00e8me parce que c\u2019est celui qui marche le mieux pour nous.<\/p><p align=\"left\">Pourquoi ? Avec l\u2019ind\u00e9pendance vient la libert\u00e9 de r\u00eaver grand et de mettre en place tous les \u00e9l\u00e9ments tangibles pour y arriver.<\/p><p align=\"left\">Si tu consultes notre page d\u2019artistes, tu vois que nous avons de tout, du m\u00e9tal-rap \u00e0 la house, en passant par le rock classique. La raison de cette diversit\u00e9 : plut\u00f4t que de d\u00e9finir un artiste par son genre, nous le d\u00e9finissons par sa passion, sa volont\u00e9 de repousser ses propres limites, c\u2019est ce que nous faisons pour nous aussi.<\/p><p align=\"left\">Nous contr\u00f4lons aussi notre propre distribution. Ce qui signifie plusieurs choses pour toi (rockstar potentielle). Pas d\u2019accords douteux \u00e0 double sens, pas d\u2019implication de parties multiples. Il n\u2019y a que nous, faisant passer nos artistes en premier.<\/p><p align=\"left\">Nos artistes gardent le contr\u00f4le cr\u00e9atif. Nous les aidons tout simplement \u00e0 trouver les moyens de tirer le meilleur parti de leur potentiel. Qu\u2019il s\u2019agisse de l\u2019illustration de singles comme de participation \u00e0 leurs campagnes de marketing, nous faisons en sorte de laisser l\u2019artiste aux commandes. Notre plus grand d\u00e9nominateur commun ? Nous sommes tous musiciens et essayons de tirer mutuellement le meilleur de nous-m\u00eames.<\/p>\t\t\t\t\t\t\t\t<\/div>\n\t\t\t\t<\/div>\n\t\t\t\t\t<\/div>\n\t\t<\/div>\n\t\t\t\t\t<\/div>\n\t\t<\/section>\n\t\t\t\t\t<\/div>\n\t\t<\/div>\n\t\t\t\t\t<\/div>\n\t\t<\/section>\n\t\t\t\t<\/div>","protected":false},"excerpt":{"rendered":"<p>We AreBattl Victory Records ABOUT US At Battl Victory Records the artist comes first. This comes easy for us because [&hellip;]<\/p>\n","protected":false},"author":1,"featured_media":0,"parent":0,"menu_order":0,"comment_status":"closed","ping_status":"closed","template":"","meta":{"_eb_attr":"","footnotes":""},"class_list":["post-7082","page","type-page","status-publish","hentry"],"yoast_head":"<!-- This site is optimized with the Yoast SEO Premium plugin v23.8 (Yoast SEO v27.2) - https:\/\/yoast.com\/product\/yoast-seo-premium-wordpress\/ -->\n<title>Record Label - Battl Victory Records<\/title>\n<meta name=\"robots\" content=\"index, follow, max-snippet:-1, max-image-preview:large, max-video-preview:-1\" \/>\n<link rel=\"canonical\" href=\"https:\/\/battl-victory-records.com\/fr\/record-label\/\" \/>\n<meta property=\"og:locale\" content=\"fr_FR\" \/>\n<meta property=\"og:type\" content=\"article\" \/>\n<meta property=\"og:title\" content=\"Record Label\" \/>\n<meta property=\"og:description\" content=\"We AreBattl Victory Records ABOUT US At Battl Victory Records the artist comes first. This comes easy for us because [&hellip;]\" \/>\n<meta property=\"og:url\" content=\"https:\/\/battl-victory-records.com\/fr\/record-label\/\" \/>\n<meta property=\"og:site_name\" content=\"Battl Victory Records\" \/>\n<meta property=\"article:modified_time\" content=\"2023-03-27T10:07:52+00:00\" \/>\n<meta name=\"twitter:card\" content=\"summary_large_image\" \/>\n<meta name=\"twitter:label1\" content=\"Dur\u00e9e de lecture estim\u00e9e\" \/>\n\t<meta name=\"twitter:data1\" content=\"2 minutes\" \/>\n<script type=\"application\/ld+json\" class=\"yoast-schema-graph\">{\"@context\":\"https:\/\/schema.org\",\"@graph\":[{\"@type\":\"WebPage\",\"@id\":\"https:\/\/battl-victory-records.com\/en\/record-label\/\",\"url\":\"https:\/\/battl-victory-records.com\/en\/record-label\/\",\"name\":\"Record Label - Battl Victory Records\",\"isPartOf\":{\"@id\":\"https:\/\/battl-victory-records.com\/#website\"},\"datePublished\":\"2021-08-13T23:24:21+00:00\",\"dateModified\":\"2023-03-27T10:07:52+00:00\",\"breadcrumb\":{\"@id\":\"https:\/\/battl-victory-records.com\/en\/record-label\/#breadcrumb\"},\"inLanguage\":\"fr-FR\",\"potentialAction\":[{\"@type\":\"ReadAction\",\"target\":[\"https:\/\/battl-victory-records.com\/en\/record-label\/\"]}]},{\"@type\":\"BreadcrumbList\",\"@id\":\"https:\/\/battl-victory-records.com\/en\/record-label\/#breadcrumb\",\"itemListElement\":[{\"@type\":\"ListItem\",\"position\":1,\"name\":\"Home\",\"item\":\"https:\/\/battl-victory-records.com\/en\/\"},{\"@type\":\"ListItem\",\"position\":2,\"name\":\"Record Label\"}]},{\"@type\":\"WebSite\",\"@id\":\"https:\/\/battl-victory-records.com\/#website\",\"url\":\"https:\/\/battl-victory-records.com\/\",\"name\":\"Battl Victory Records\",\"description\":\"Independent Label for every Genre\",\"publisher\":{\"@id\":\"https:\/\/battl-victory-records.com\/#organization\"},\"potentialAction\":[{\"@type\":\"SearchAction\",\"target\":{\"@type\":\"EntryPoint\",\"urlTemplate\":\"https:\/\/battl-victory-records.com\/?s={search_term_string}\"},\"query-input\":{\"@type\":\"PropertyValueSpecification\",\"valueRequired\":true,\"valueName\":\"search_term_string\"}}],\"inLanguage\":\"fr-FR\"},{\"@type\":\"Organization\",\"@id\":\"https:\/\/battl-victory-records.com\/#organization\",\"name\":\"Battl Victory Records\",\"url\":\"https:\/\/battl-victory-records.com\/\",\"logo\":{\"@type\":\"ImageObject\",\"inLanguage\":\"fr-FR\",\"@id\":\"https:\/\/battl-victory-records.com\/#\/schema\/logo\/image\/\",\"url\":\"https:\/\/battl-victory-records.com\/wp-content\/uploads\/page\/bvr\/Battl-Victory-Records_logow.png\",\"contentUrl\":\"https:\/\/battl-victory-records.com\/wp-content\/uploads\/page\/bvr\/Battl-Victory-Records_logow.png\",\"width\":1453,\"height\":572,\"caption\":\"Battl Victory Records\"},\"image\":{\"@id\":\"https:\/\/battl-victory-records.com\/#\/schema\/logo\/image\/\"}}]}<\/script>\n<!-- \/ Yoast SEO Premium plugin. -->","yoast_head_json":{"title":"Record Label - Battl Victory Records","robots":{"index":"index","follow":"follow","max-snippet":"max-snippet:-1","max-image-preview":"max-image-preview:large","max-video-preview":"max-video-preview:-1"},"canonical":"https:\/\/battl-victory-records.com\/fr\/record-label\/","og_locale":"fr_FR","og_type":"article","og_title":"Record Label","og_description":"We AreBattl Victory Records ABOUT US At Battl Victory Records the artist comes first. This comes easy for us because [&hellip;]","og_url":"https:\/\/battl-victory-records.com\/fr\/record-label\/","og_site_name":"Battl Victory Records","article_modified_time":"2023-03-27T10:07:52+00:00","twitter_card":"summary_large_image","twitter_misc":{"Dur\u00e9e de lecture estim\u00e9e":"2 minutes"},"schema":{"@context":"https:\/\/schema.org","@graph":[{"@type":"WebPage","@id":"https:\/\/battl-victory-records.com\/en\/record-label\/","url":"https:\/\/battl-victory-records.com\/en\/record-label\/","name":"Record Label - Battl Victory Records","isPartOf":{"@id":"https:\/\/battl-victory-records.com\/#website"},"datePublished":"2021-08-13T23:24:21+00:00","dateModified":"2023-03-27T10:07:52+00:00","breadcrumb":{"@id":"https:\/\/battl-victory-records.com\/en\/record-label\/#breadcrumb"},"inLanguage":"fr-FR","potentialAction":[{"@type":"ReadAction","target":["https:\/\/battl-victory-records.com\/en\/record-label\/"]}]},{"@type":"BreadcrumbList","@id":"https:\/\/battl-victory-records.com\/en\/record-label\/#breadcrumb","itemListElement":[{"@type":"ListItem","position":1,"name":"Home","item":"https:\/\/battl-victory-records.com\/en\/"},{"@type":"ListItem","position":2,"name":"Record Label"}]},{"@type":"WebSite","@id":"https:\/\/battl-victory-records.com\/#website","url":"https:\/\/battl-victory-records.com\/","name":"Battl Victory Records","description":"Label ind\u00e9pendant pour tous les genres","publisher":{"@id":"https:\/\/battl-victory-records.com\/#organization"},"potentialAction":[{"@type":"SearchAction","target":{"@type":"EntryPoint","urlTemplate":"https:\/\/battl-victory-records.com\/?s={search_term_string}"},"query-input":{"@type":"PropertyValueSpecification","valueRequired":true,"valueName":"search_term_string"}}],"inLanguage":"fr-FR"},{"@type":"Organization","@id":"https:\/\/battl-victory-records.com\/#organization","name":"Battl Victory Records","url":"https:\/\/battl-victory-records.com\/","logo":{"@type":"ImageObject","inLanguage":"fr-FR","@id":"https:\/\/battl-victory-records.com\/#\/schema\/logo\/image\/","url":"https:\/\/battl-victory-records.com\/wp-content\/uploads\/page\/bvr\/Battl-Victory-Records_logow.png","contentUrl":"https:\/\/battl-victory-records.com\/wp-content\/uploads\/page\/bvr\/Battl-Victory-Records_logow.png","width":1453,"height":572,"caption":"Battl Victory Records"},"image":{"@id":"https:\/\/battl-victory-records.com\/#\/schema\/logo\/image\/"}}]}},"acf":[],"_links":{"self":[{"href":"https:\/\/battl-victory-records.com\/fr\/wp-json\/wp\/v2\/pages\/7082","targetHints":{"allow":["GET"]}}],"collection":[{"href":"https:\/\/battl-victory-records.com\/fr\/wp-json\/wp\/v2\/pages"}],"about":[{"href":"https:\/\/battl-victory-records.com\/fr\/wp-json\/wp\/v2\/types\/page"}],"author":[{"embeddable":true,"href":"https:\/\/battl-victory-records.com\/fr\/wp-json\/wp\/v2\/users\/1"}],"replies":[{"embeddable":true,"href":"https:\/\/battl-victory-records.com\/fr\/wp-json\/wp\/v2\/comments?post=7082"}],"version-history":[{"count":62,"href":"https:\/\/battl-victory-records.com\/fr\/wp-json\/wp\/v2\/pages\/7082\/revisions"}],"predecessor-version":[{"id":9039,"href":"https:\/\/battl-victory-records.com\/fr\/wp-json\/wp\/v2\/pages\/7082\/revisions\/9039"}],"wp:attachment":[{"href":"https:\/\/battl-victory-records.com\/fr\/wp-json\/wp\/v2\/media?parent=7082"}],"curies":[{"name":"wp","href":"https:\/\/api.w.org\/{rel}","templated":true}]}}