{"id":7082,"date":"2021-08-13T16:24:21","date_gmt":"2021-08-13T23:24:21","guid":{"rendered":"https:\/\/sonaar.battl-victory-records.de\/?page_id=7082"},"modified":"2023-03-27T03:07:52","modified_gmt":"2023-03-27T10:07:52","slug":"record-label","status":"publish","type":"page","link":"https:\/\/battl-victory-records.com\/es\/record-label\/","title":{"rendered":"Etiqueta de registro"},"content":{"rendered":"<div data-elementor-type=\"wp-post\" data-elementor-id=\"7082\" class=\"elementor elementor-7082\" data-elementor-post-type=\"page\">\n\t\t\t\t\t\t<section class=\"ob-is-breaking-bad elementor-section elementor-top-section elementor-element elementor-element-e2a641d elementor-section-stretched elementor-section-height-min-height animated-slow elementor-section-boxed elementor-section-height-default elementor-section-items-middle elementor-invisible\" data-id=\"e2a641d\" data-element_type=\"section\" data-e-type=\"section\" data-settings=\"{&quot;stretch_section&quot;:&quot;section-stretched&quot;,&quot;background_background&quot;:&quot;classic&quot;,&quot;animation&quot;:&quot;fadeIn&quot;,&quot;_ob_bbad_use_it&quot;:&quot;yes&quot;,&quot;_ob_bbad_sssic_use&quot;:&quot;no&quot;,&quot;_ob_glider_is_slider&quot;:&quot;no&quot;,&quot;ekit_has_onepagescroll_dot&quot;:&quot;yes&quot;}\">\n\t\t\t\t\t\t<div class=\"elementor-container elementor-column-gap-default\">\n\t\t\t\t\t<div class=\"elementor-column elementor-col-100 elementor-top-column elementor-element elementor-element-4abaacb\" data-id=\"4abaacb\" data-element_type=\"column\" data-e-type=\"column\" data-settings=\"{&quot;_ob_bbad_is_stalker&quot;:&quot;no&quot;,&quot;_ob_teleporter_use&quot;:false,&quot;_ob_column_hoveranimator&quot;:&quot;no&quot;,&quot;_ob_column_has_pseudo&quot;:&quot;no&quot;}\">\n\t\t\t<div class=\"elementor-widget-wrap elementor-element-populated\">\n\t\t\t\t\t\t<div class=\"elementor-element elementor-element-b8f9c19 animated-slow ob-harakiri-inherit elementor-invisible ob-has-background-overlay elementor-widget elementor-widget-heading\" data-id=\"b8f9c19\" data-element_type=\"widget\" data-e-type=\"widget\" data-settings=\"{&quot;_animation&quot;:&quot;fadeInUp&quot;,&quot;_animation_delay&quot;:300,&quot;_ob_use_harakiri&quot;:&quot;yes&quot;,&quot;_ob_harakiri_writing_mode&quot;:&quot;inherit&quot;,&quot;_ob_harakiri_text_clip&quot;:&quot;none&quot;,&quot;_ob_perspektive_use&quot;:&quot;no&quot;,&quot;ekit_we_effect_on&quot;:&quot;none&quot;,&quot;_ob_poopart_use&quot;:&quot;yes&quot;,&quot;_ob_shadough_use&quot;:&quot;no&quot;,&quot;_ob_allow_hoveranimator&quot;:&quot;no&quot;,&quot;_ob_widget_stalker_use&quot;:&quot;no&quot;}\" data-widget_type=\"heading.default\">\n\t\t\t\t<div class=\"elementor-widget-container\">\n\t\t\t\t\t<h1 class=\"elementor-heading-title elementor-size-default\">We Are<br>Battl Victory Records<\/h1>\t\t\t\t<\/div>\n\t\t\t\t<\/div>\n\t\t\t\t\t<\/div>\n\t\t<\/div>\n\t\t\t\t\t<\/div>\n\t\t<\/section>\n\t\t\t\t<section class=\"ob-is-breaking-bad elementor-section elementor-top-section elementor-element elementor-element-c13becd elementor-section-boxed elementor-section-height-default elementor-section-height-default\" data-id=\"c13becd\" data-element_type=\"section\" data-e-type=\"section\" data-settings=\"{&quot;_ob_bbad_use_it&quot;:&quot;yes&quot;,&quot;_ob_bbad_sssic_use&quot;:&quot;no&quot;,&quot;_ob_glider_is_slider&quot;:&quot;no&quot;,&quot;ekit_has_onepagescroll_dot&quot;:&quot;yes&quot;}\">\n\t\t\t\t\t\t<div class=\"elementor-container elementor-column-gap-default\">\n\t\t\t\t\t<div class=\"elementor-column elementor-col-100 elementor-top-column elementor-element elementor-element-14db15f\" data-id=\"14db15f\" data-element_type=\"column\" data-e-type=\"column\" data-settings=\"{&quot;background_background&quot;:&quot;gradient&quot;,&quot;_ob_bbad_is_stalker&quot;:&quot;no&quot;,&quot;_ob_teleporter_use&quot;:false,&quot;_ob_column_hoveranimator&quot;:&quot;no&quot;,&quot;_ob_column_has_pseudo&quot;:&quot;no&quot;}\">\n\t\t\t<div class=\"elementor-widget-wrap elementor-element-populated\">\n\t\t\t\t\t\t<section class=\"ob-is-breaking-bad ob-bb-inner elementor-section elementor-inner-section elementor-element elementor-element-371538b elementor-section-boxed elementor-section-height-default elementor-section-height-default\" data-id=\"371538b\" data-element_type=\"section\" data-e-type=\"section\" data-settings=\"{&quot;_ob_bbad_use_it&quot;:&quot;yes&quot;,&quot;_ob_bbad_sssic_use&quot;:&quot;no&quot;,&quot;_ob_glider_is_slider&quot;:&quot;no&quot;,&quot;ekit_has_onepagescroll_dot&quot;:&quot;yes&quot;}\">\n\t\t\t\t\t\t<div class=\"elementor-container elementor-column-gap-default\">\n\t\t\t\t\t<div class=\"elementor-column elementor-col-66 elementor-inner-column elementor-element elementor-element-3cb92dc\" data-id=\"3cb92dc\" data-element_type=\"column\" data-e-type=\"column\" data-settings=\"{&quot;_ob_bbad_is_stalker&quot;:&quot;no&quot;,&quot;_ob_teleporter_use&quot;:false,&quot;_ob_column_hoveranimator&quot;:&quot;no&quot;,&quot;_ob_column_has_pseudo&quot;:&quot;no&quot;}\">\n\t\t\t<div class=\"elementor-widget-wrap elementor-element-populated\">\n\t\t\t\t\t\t<div class=\"elementor-element elementor-element-9293905 ob-harakiri-inherit elementor-invisible ob-has-background-overlay elementor-widget elementor-widget-heading\" data-id=\"9293905\" data-element_type=\"widget\" data-e-type=\"widget\" data-settings=\"{&quot;_animation&quot;:&quot;fadeInUp&quot;,&quot;_ob_use_harakiri&quot;:&quot;yes&quot;,&quot;_ob_harakiri_writing_mode&quot;:&quot;inherit&quot;,&quot;_ob_harakiri_text_clip&quot;:&quot;none&quot;,&quot;_ob_perspektive_use&quot;:&quot;no&quot;,&quot;ekit_we_effect_on&quot;:&quot;none&quot;,&quot;_ob_poopart_use&quot;:&quot;yes&quot;,&quot;_ob_shadough_use&quot;:&quot;no&quot;,&quot;_ob_allow_hoveranimator&quot;:&quot;no&quot;,&quot;_ob_widget_stalker_use&quot;:&quot;no&quot;}\" data-widget_type=\"heading.default\">\n\t\t\t\t<div class=\"elementor-widget-container\">\n\t\t\t\t\t<h1 class=\"elementor-heading-title elementor-size-default\">Sobre nosotros<\/h1>\t\t\t\t<\/div>\n\t\t\t\t<\/div>\n\t\t\t\t<div class=\"elementor-element elementor-element-cb911a6 animated-slow ob-harakiri-inherit elementor-invisible ob-has-background-overlay elementor-widget elementor-widget-heading\" data-id=\"cb911a6\" data-element_type=\"widget\" data-e-type=\"widget\" data-settings=\"{&quot;_animation&quot;:&quot;fadeInUp&quot;,&quot;_animation_delay&quot;:600,&quot;_ob_use_harakiri&quot;:&quot;yes&quot;,&quot;_ob_harakiri_writing_mode&quot;:&quot;inherit&quot;,&quot;_ob_harakiri_text_clip&quot;:&quot;none&quot;,&quot;_ob_perspektive_use&quot;:&quot;no&quot;,&quot;ekit_we_effect_on&quot;:&quot;none&quot;,&quot;_ob_poopart_use&quot;:&quot;yes&quot;,&quot;_ob_shadough_use&quot;:&quot;no&quot;,&quot;_ob_allow_hoveranimator&quot;:&quot;no&quot;,&quot;_ob_widget_stalker_use&quot;:&quot;no&quot;}\" data-widget_type=\"heading.default\">\n\t\t\t\t<div class=\"elementor-widget-container\">\n\t\t\t\t\t<h2 class=\"elementor-heading-title elementor-size-default\">En Battl Victory Records el artista es lo primero. Esto viene f\u00e1cil para\nnosotros porque aqu\u00ed tambi\u00e9n somos m\u00fasicos. Hemos tocado shows con\nmultitudes de 2-3 en la audiencia, como m\u00fasicos tambi\u00e9n luchamos por crecer\nnuestras redes sociales, hemos organizado nuestros propios recorridos. hemos\nsalt\u00f3 a la distribuci\u00f3n solo para descubrir lo complicado que puede ser.\nSolo, es muy dif\u00edcil. Es f\u00e1cil querer darse por vencido e intentar\nde nuevo m\u00e1s tarde, pero \u00bfcon qu\u00e9 frecuencia vuelves en c\u00edrculo?<\/h2>\t\t\t\t<\/div>\n\t\t\t\t<\/div>\n\t\t\t\t\t<\/div>\n\t\t<\/div>\n\t\t\t\t<div class=\"elementor-column elementor-col-33 elementor-inner-column elementor-element elementor-element-2d5e627\" data-id=\"2d5e627\" data-element_type=\"column\" data-e-type=\"column\" data-settings=\"{&quot;_ob_bbad_is_stalker&quot;:&quot;no&quot;,&quot;_ob_teleporter_use&quot;:false,&quot;_ob_column_hoveranimator&quot;:&quot;no&quot;,&quot;_ob_column_has_pseudo&quot;:&quot;no&quot;}\">\n\t\t\t<div class=\"elementor-widget-wrap elementor-element-populated\">\n\t\t\t\t\t\t<div class=\"elementor-element elementor-element-b88a5d2 elementor-align-center ob-has-background-overlay elementor-widget elementor-widget-lottie\" data-id=\"b88a5d2\" data-element_type=\"widget\" data-e-type=\"widget\" data-settings=\"{&quot;source_json&quot;:{&quot;url&quot;:&quot;https:\\\/\\\/battl-victory-records.com\\\/wp-content\\\/uploads\\\/2021\\\/08\\\/music.json&quot;,&quot;id&quot;:7237,&quot;size&quot;:&quot;&quot;},&quot;loop&quot;:&quot;yes&quot;,&quot;lazyload&quot;:&quot;yes&quot;,&quot;source&quot;:&quot;media_file&quot;,&quot;caption_source&quot;:&quot;none&quot;,&quot;link_to&quot;:&quot;none&quot;,&quot;trigger&quot;:&quot;arriving_to_viewport&quot;,&quot;viewport&quot;:{&quot;unit&quot;:&quot;%&quot;,&quot;size&quot;:&quot;&quot;,&quot;sizes&quot;:{&quot;start&quot;:0,&quot;end&quot;:100}},&quot;play_speed&quot;:{&quot;unit&quot;:&quot;px&quot;,&quot;size&quot;:1,&quot;sizes&quot;:[]},&quot;start_point&quot;:{&quot;unit&quot;:&quot;%&quot;,&quot;size&quot;:0,&quot;sizes&quot;:[]},&quot;end_point&quot;:{&quot;unit&quot;:&quot;%&quot;,&quot;size&quot;:100,&quot;sizes&quot;:[]},&quot;renderer&quot;:&quot;svg&quot;,&quot;_ob_perspektive_use&quot;:&quot;no&quot;,&quot;ekit_we_effect_on&quot;:&quot;none&quot;,&quot;_ob_poopart_use&quot;:&quot;yes&quot;,&quot;_ob_shadough_use&quot;:&quot;no&quot;,&quot;_ob_allow_hoveranimator&quot;:&quot;no&quot;,&quot;_ob_widget_stalker_use&quot;:&quot;no&quot;}\" data-widget_type=\"lottie.default\">\n\t\t\t\t<div class=\"elementor-widget-container\">\n\t\t\t\t\t<div class=\"e-lottie__container\"><div class=\"e-lottie__animation\"><\/div><\/div>\t\t\t\t<\/div>\n\t\t\t\t<\/div>\n\t\t\t\t\t<\/div>\n\t\t<\/div>\n\t\t\t\t\t<\/div>\n\t\t<\/section>\n\t\t\t\t<section class=\"ob-is-breaking-bad ob-bb-inner elementor-section elementor-inner-section elementor-element elementor-element-8cf3d57 elementor-section-boxed elementor-section-height-default elementor-section-height-default\" data-id=\"8cf3d57\" data-element_type=\"section\" data-e-type=\"section\" data-settings=\"{&quot;_ob_bbad_use_it&quot;:&quot;yes&quot;,&quot;_ob_bbad_sssic_use&quot;:&quot;no&quot;,&quot;_ob_glider_is_slider&quot;:&quot;no&quot;,&quot;ekit_has_onepagescroll_dot&quot;:&quot;yes&quot;}\">\n\t\t\t\t\t\t<div class=\"elementor-container elementor-column-gap-default\">\n\t\t\t\t\t<div class=\"elementor-column elementor-col-100 elementor-inner-column elementor-element elementor-element-d8b3321\" data-id=\"d8b3321\" data-element_type=\"column\" data-e-type=\"column\" data-settings=\"{&quot;_ob_bbad_is_stalker&quot;:&quot;no&quot;,&quot;_ob_teleporter_use&quot;:false,&quot;_ob_column_hoveranimator&quot;:&quot;no&quot;,&quot;_ob_column_has_pseudo&quot;:&quot;no&quot;}\">\n\t\t\t<div class=\"elementor-widget-wrap elementor-element-populated\">\n\t\t\t\t\t\t<div class=\"elementor-element elementor-element-5fdd14d elementor-drop-cap-yes ob-harakiri-inherit elementor-drop-cap-view-default elementor-invisible ob-has-background-overlay elementor-widget elementor-widget-text-editor\" data-id=\"5fdd14d\" data-element_type=\"widget\" data-e-type=\"widget\" data-settings=\"{&quot;drop_cap&quot;:&quot;yes&quot;,&quot;_animation&quot;:&quot;fadeInUp&quot;,&quot;_animation_delay&quot;:1200,&quot;_ob_use_harakiri&quot;:&quot;yes&quot;,&quot;_ob_harakiri_writing_mode&quot;:&quot;inherit&quot;,&quot;_ob_postman_use&quot;:&quot;no&quot;,&quot;_ob_perspektive_use&quot;:&quot;no&quot;,&quot;ekit_we_effect_on&quot;:&quot;none&quot;,&quot;_ob_poopart_use&quot;:&quot;yes&quot;,&quot;_ob_shadough_use&quot;:&quot;no&quot;,&quot;_ob_allow_hoveranimator&quot;:&quot;no&quot;,&quot;_ob_widget_stalker_use&quot;:&quot;no&quot;}\" data-widget_type=\"text-editor.default\">\n\t\t\t\t<div class=\"elementor-widget-container\">\n\t\t\t\t\t\t\t\t\t<p align=\"left\">\u00a1Ah\u00ed es donde entramos nosotros! Ponemos a nuestros artistas primero en todo lo que hacemos, porque hemos estado all\u00ed. Ayudamos con todo, desde escribir, producir, marketing y distribuci\u00f3n. Ya sea que se trate de CD, transmisi\u00f3n, vinilo o cualquier otro servicio de escucha, lo tenemos cubierto.<\/p><p align=\"left\">Battl Victory Records fue fundado por Daniel Sejpka en 2015, en Suiza como un sello discogr\u00e1fico independiente, y nos hemos mantenido as\u00ed. No necesitamos dinero de los grandes, lo hacemos funcionar de la mejor manera que sabemos. Apoyar a nuestros artistas lo mejor que podamos. Elegimos quedarnos as\u00ed, porque es la mejor manera que conocemos.<\/p><p align=\"left\">\u00bfPor qu\u00e9? Con la independencia viene la libertad no solo de so\u00f1ar en grande, sino tambi\u00e9n de juntar las piezas tangibles para llegar all\u00ed.<\/p><p align=\"left\">Si revisa nuestra p\u00e1gina de artistas, tenemos de todo, desde metal-rap, hasta house y rock cl\u00e1sico. La raz\u00f3n es que m\u00e1s que definir a un artista por su g\u00e9nero, lo definimos por su pasi\u00f3n. Su voluntad de empujar sus propios l\u00edmites, mientras nosotros hacemos lo mismo.<\/p><p align=\"left\">Tambi\u00e9n tenemos control sobre nuestra propia distribuci\u00f3n. Esto significa varias cosas para ti (estrella de rock potencial); Sin tratos dudosos de dos v\u00edas, sin m\u00faltiples partes involucradas. Solo nosotros, y poniendo a nuestros artistas primero.<\/p><p align=\"left\">Nuestros artistas mantienen su control creativo. Simplemente buscamos formas de sacar lo mejor de su potencial. Todo, desde obras de arte para solteros hasta participar en sus campa\u00f1as de marketing, nos esforzamos por mantener a nuestros artistas en el asiento del conductor. El mayor denominador com\u00fan que tenemos es que todos somos m\u00fasicos, tratando de mejorarnos unos a otros.<\/p>\t\t\t\t\t\t\t\t<\/div>\n\t\t\t\t<\/div>\n\t\t\t\t\t<\/div>\n\t\t<\/div>\n\t\t\t\t\t<\/div>\n\t\t<\/section>\n\t\t\t\t\t<\/div>\n\t\t<\/div>\n\t\t\t\t\t<\/div>\n\t\t<\/section>\n\t\t\t\t<\/div>","protected":false},"excerpt":{"rendered":"<p>We AreBattl Victory Records ABOUT US At Battl Victory Records the artist comes first. This comes easy for us because [&hellip;]<\/p>\n","protected":false},"author":1,"featured_media":0,"parent":0,"menu_order":0,"comment_status":"closed","ping_status":"closed","template":"","meta":{"_eb_attr":"","footnotes":""},"class_list":["post-7082","page","type-page","status-publish","hentry"],"yoast_head":"<!-- This site is optimized with the Yoast SEO Premium plugin v23.8 (Yoast SEO v27.2) - https:\/\/yoast.com\/product\/yoast-seo-premium-wordpress\/ -->\n<title>Record Label - Battl Victory Records<\/title>\n<meta name=\"robots\" content=\"index, follow, max-snippet:-1, max-image-preview:large, max-video-preview:-1\" \/>\n<link rel=\"canonical\" href=\"https:\/\/battl-victory-records.com\/es\/record-label\/\" \/>\n<meta property=\"og:locale\" content=\"es_ES\" \/>\n<meta property=\"og:type\" content=\"article\" \/>\n<meta property=\"og:title\" content=\"Record Label\" \/>\n<meta property=\"og:description\" content=\"We AreBattl Victory Records ABOUT US At Battl Victory Records the artist comes first. This comes easy for us because [&hellip;]\" \/>\n<meta property=\"og:url\" content=\"https:\/\/battl-victory-records.com\/es\/record-label\/\" \/>\n<meta property=\"og:site_name\" content=\"Battl Victory Records\" \/>\n<meta property=\"article:modified_time\" content=\"2023-03-27T10:07:52+00:00\" \/>\n<meta name=\"twitter:card\" content=\"summary_large_image\" \/>\n<meta name=\"twitter:label1\" content=\"Tiempo de lectura\" \/>\n\t<meta name=\"twitter:data1\" content=\"2 minutos\" \/>\n<script type=\"application\/ld+json\" class=\"yoast-schema-graph\">{\"@context\":\"https:\/\/schema.org\",\"@graph\":[{\"@type\":\"WebPage\",\"@id\":\"https:\/\/battl-victory-records.com\/en\/record-label\/\",\"url\":\"https:\/\/battl-victory-records.com\/en\/record-label\/\",\"name\":\"Record Label - Battl Victory Records\",\"isPartOf\":{\"@id\":\"https:\/\/battl-victory-records.com\/#website\"},\"datePublished\":\"2021-08-13T23:24:21+00:00\",\"dateModified\":\"2023-03-27T10:07:52+00:00\",\"breadcrumb\":{\"@id\":\"https:\/\/battl-victory-records.com\/en\/record-label\/#breadcrumb\"},\"inLanguage\":\"es\",\"potentialAction\":[{\"@type\":\"ReadAction\",\"target\":[\"https:\/\/battl-victory-records.com\/en\/record-label\/\"]}]},{\"@type\":\"BreadcrumbList\",\"@id\":\"https:\/\/battl-victory-records.com\/en\/record-label\/#breadcrumb\",\"itemListElement\":[{\"@type\":\"ListItem\",\"position\":1,\"name\":\"Home\",\"item\":\"https:\/\/battl-victory-records.com\/en\/\"},{\"@type\":\"ListItem\",\"position\":2,\"name\":\"Record Label\"}]},{\"@type\":\"WebSite\",\"@id\":\"https:\/\/battl-victory-records.com\/#website\",\"url\":\"https:\/\/battl-victory-records.com\/\",\"name\":\"Battl Victory Records\",\"description\":\"Independent Label for every Genre\",\"publisher\":{\"@id\":\"https:\/\/battl-victory-records.com\/#organization\"},\"potentialAction\":[{\"@type\":\"SearchAction\",\"target\":{\"@type\":\"EntryPoint\",\"urlTemplate\":\"https:\/\/battl-victory-records.com\/?s={search_term_string}\"},\"query-input\":{\"@type\":\"PropertyValueSpecification\",\"valueRequired\":true,\"valueName\":\"search_term_string\"}}],\"inLanguage\":\"es\"},{\"@type\":\"Organization\",\"@id\":\"https:\/\/battl-victory-records.com\/#organization\",\"name\":\"Battl Victory Records\",\"url\":\"https:\/\/battl-victory-records.com\/\",\"logo\":{\"@type\":\"ImageObject\",\"inLanguage\":\"es\",\"@id\":\"https:\/\/battl-victory-records.com\/#\/schema\/logo\/image\/\",\"url\":\"https:\/\/battl-victory-records.com\/wp-content\/uploads\/page\/bvr\/Battl-Victory-Records_logow.png\",\"contentUrl\":\"https:\/\/battl-victory-records.com\/wp-content\/uploads\/page\/bvr\/Battl-Victory-Records_logow.png\",\"width\":1453,\"height\":572,\"caption\":\"Battl Victory Records\"},\"image\":{\"@id\":\"https:\/\/battl-victory-records.com\/#\/schema\/logo\/image\/\"}}]}<\/script>\n<!-- \/ Yoast SEO Premium plugin. -->","yoast_head_json":{"title":"Record Label - Battl Victory Records","robots":{"index":"index","follow":"follow","max-snippet":"max-snippet:-1","max-image-preview":"max-image-preview:large","max-video-preview":"max-video-preview:-1"},"canonical":"https:\/\/battl-victory-records.com\/es\/record-label\/","og_locale":"es_ES","og_type":"article","og_title":"Record Label","og_description":"We AreBattl Victory Records ABOUT US At Battl Victory Records the artist comes first. This comes easy for us because [&hellip;]","og_url":"https:\/\/battl-victory-records.com\/es\/record-label\/","og_site_name":"Battl Victory Records","article_modified_time":"2023-03-27T10:07:52+00:00","twitter_card":"summary_large_image","twitter_misc":{"Tiempo de lectura":"2 minutos"},"schema":{"@context":"https:\/\/schema.org","@graph":[{"@type":"WebPage","@id":"https:\/\/battl-victory-records.com\/en\/record-label\/","url":"https:\/\/battl-victory-records.com\/en\/record-label\/","name":"Record Label - Battl Victory Records","isPartOf":{"@id":"https:\/\/battl-victory-records.com\/#website"},"datePublished":"2021-08-13T23:24:21+00:00","dateModified":"2023-03-27T10:07:52+00:00","breadcrumb":{"@id":"https:\/\/battl-victory-records.com\/en\/record-label\/#breadcrumb"},"inLanguage":"es","potentialAction":[{"@type":"ReadAction","target":["https:\/\/battl-victory-records.com\/en\/record-label\/"]}]},{"@type":"BreadcrumbList","@id":"https:\/\/battl-victory-records.com\/en\/record-label\/#breadcrumb","itemListElement":[{"@type":"ListItem","position":1,"name":"Home","item":"https:\/\/battl-victory-records.com\/en\/"},{"@type":"ListItem","position":2,"name":"Record Label"}]},{"@type":"WebSite","@id":"https:\/\/battl-victory-records.com\/#website","url":"https:\/\/battl-victory-records.com\/","name":"Battl Victory Records","description":"Sello independiente para cada g\u00e9nero","publisher":{"@id":"https:\/\/battl-victory-records.com\/#organization"},"potentialAction":[{"@type":"SearchAction","target":{"@type":"EntryPoint","urlTemplate":"https:\/\/battl-victory-records.com\/?s={search_term_string}"},"query-input":{"@type":"PropertyValueSpecification","valueRequired":true,"valueName":"search_term_string"}}],"inLanguage":"es"},{"@type":"Organization","@id":"https:\/\/battl-victory-records.com\/#organization","name":"Battl Victory Records","url":"https:\/\/battl-victory-records.com\/","logo":{"@type":"ImageObject","inLanguage":"es","@id":"https:\/\/battl-victory-records.com\/#\/schema\/logo\/image\/","url":"https:\/\/battl-victory-records.com\/wp-content\/uploads\/page\/bvr\/Battl-Victory-Records_logow.png","contentUrl":"https:\/\/battl-victory-records.com\/wp-content\/uploads\/page\/bvr\/Battl-Victory-Records_logow.png","width":1453,"height":572,"caption":"Battl Victory Records"},"image":{"@id":"https:\/\/battl-victory-records.com\/#\/schema\/logo\/image\/"}}]}},"acf":[],"_links":{"self":[{"href":"https:\/\/battl-victory-records.com\/es\/wp-json\/wp\/v2\/pages\/7082","targetHints":{"allow":["GET"]}}],"collection":[{"href":"https:\/\/battl-victory-records.com\/es\/wp-json\/wp\/v2\/pages"}],"about":[{"href":"https:\/\/battl-victory-records.com\/es\/wp-json\/wp\/v2\/types\/page"}],"author":[{"embeddable":true,"href":"https:\/\/battl-victory-records.com\/es\/wp-json\/wp\/v2\/users\/1"}],"replies":[{"embeddable":true,"href":"https:\/\/battl-victory-records.com\/es\/wp-json\/wp\/v2\/comments?post=7082"}],"version-history":[{"count":62,"href":"https:\/\/battl-victory-records.com\/es\/wp-json\/wp\/v2\/pages\/7082\/revisions"}],"predecessor-version":[{"id":9039,"href":"https:\/\/battl-victory-records.com\/es\/wp-json\/wp\/v2\/pages\/7082\/revisions\/9039"}],"wp:attachment":[{"href":"https:\/\/battl-victory-records.com\/es\/wp-json\/wp\/v2\/media?parent=7082"}],"curies":[{"name":"wp","href":"https:\/\/api.w.org\/{rel}","templated":true}]}}