{"id":7082,"date":"2021-08-13T16:24:21","date_gmt":"2021-08-13T23:24:21","guid":{"rendered":"https:\/\/sonaar.battl-victory-records.de\/?page_id=7082"},"modified":"2023-03-27T03:07:52","modified_gmt":"2023-03-27T10:07:52","slug":"record-label","status":"publish","type":"page","link":"https:\/\/battl-victory-records.com\/de\/record-label\/","title":{"rendered":"Plattenlabel"},"content":{"rendered":"<div data-elementor-type=\"wp-post\" data-elementor-id=\"7082\" class=\"elementor elementor-7082\" data-elementor-post-type=\"page\">\n\t\t\t\t\t\t<section class=\"ob-is-breaking-bad elementor-section elementor-top-section elementor-element elementor-element-e2a641d elementor-section-stretched elementor-section-height-min-height animated-slow elementor-section-boxed elementor-section-height-default elementor-section-items-middle elementor-invisible\" data-id=\"e2a641d\" data-element_type=\"section\" data-e-type=\"section\" data-settings=\"{&quot;stretch_section&quot;:&quot;section-stretched&quot;,&quot;background_background&quot;:&quot;classic&quot;,&quot;animation&quot;:&quot;fadeIn&quot;,&quot;_ob_bbad_use_it&quot;:&quot;yes&quot;,&quot;_ob_bbad_sssic_use&quot;:&quot;no&quot;,&quot;_ob_glider_is_slider&quot;:&quot;no&quot;,&quot;ekit_has_onepagescroll_dot&quot;:&quot;yes&quot;}\">\n\t\t\t\t\t\t<div class=\"elementor-container elementor-column-gap-default\">\n\t\t\t\t\t<div class=\"elementor-column elementor-col-100 elementor-top-column elementor-element elementor-element-4abaacb\" data-id=\"4abaacb\" data-element_type=\"column\" data-e-type=\"column\" data-settings=\"{&quot;_ob_bbad_is_stalker&quot;:&quot;no&quot;,&quot;_ob_teleporter_use&quot;:false,&quot;_ob_column_hoveranimator&quot;:&quot;no&quot;,&quot;_ob_column_has_pseudo&quot;:&quot;no&quot;}\">\n\t\t\t<div class=\"elementor-widget-wrap elementor-element-populated\">\n\t\t\t\t\t\t<div class=\"elementor-element elementor-element-b8f9c19 animated-slow ob-harakiri-inherit elementor-invisible ob-has-background-overlay elementor-widget elementor-widget-heading\" data-id=\"b8f9c19\" data-element_type=\"widget\" data-e-type=\"widget\" data-settings=\"{&quot;_animation&quot;:&quot;fadeInUp&quot;,&quot;_animation_delay&quot;:300,&quot;_ob_use_harakiri&quot;:&quot;yes&quot;,&quot;_ob_harakiri_writing_mode&quot;:&quot;inherit&quot;,&quot;_ob_harakiri_text_clip&quot;:&quot;none&quot;,&quot;_ob_perspektive_use&quot;:&quot;no&quot;,&quot;ekit_we_effect_on&quot;:&quot;none&quot;,&quot;_ob_poopart_use&quot;:&quot;yes&quot;,&quot;_ob_shadough_use&quot;:&quot;no&quot;,&quot;_ob_allow_hoveranimator&quot;:&quot;no&quot;,&quot;_ob_widget_stalker_use&quot;:&quot;no&quot;}\" data-widget_type=\"heading.default\">\n\t\t\t\t<div class=\"elementor-widget-container\">\n\t\t\t\t\t<h1 class=\"elementor-heading-title elementor-size-default\">We Are<br>Battl Victory Records<\/h1>\t\t\t\t<\/div>\n\t\t\t\t<\/div>\n\t\t\t\t\t<\/div>\n\t\t<\/div>\n\t\t\t\t\t<\/div>\n\t\t<\/section>\n\t\t\t\t<section class=\"ob-is-breaking-bad elementor-section elementor-top-section elementor-element elementor-element-c13becd elementor-section-boxed elementor-section-height-default elementor-section-height-default\" data-id=\"c13becd\" data-element_type=\"section\" data-e-type=\"section\" data-settings=\"{&quot;_ob_bbad_use_it&quot;:&quot;yes&quot;,&quot;_ob_bbad_sssic_use&quot;:&quot;no&quot;,&quot;_ob_glider_is_slider&quot;:&quot;no&quot;,&quot;ekit_has_onepagescroll_dot&quot;:&quot;yes&quot;}\">\n\t\t\t\t\t\t<div class=\"elementor-container elementor-column-gap-default\">\n\t\t\t\t\t<div class=\"elementor-column elementor-col-100 elementor-top-column elementor-element elementor-element-14db15f\" data-id=\"14db15f\" data-element_type=\"column\" data-e-type=\"column\" data-settings=\"{&quot;background_background&quot;:&quot;gradient&quot;,&quot;_ob_bbad_is_stalker&quot;:&quot;no&quot;,&quot;_ob_teleporter_use&quot;:false,&quot;_ob_column_hoveranimator&quot;:&quot;no&quot;,&quot;_ob_column_has_pseudo&quot;:&quot;no&quot;}\">\n\t\t\t<div class=\"elementor-widget-wrap elementor-element-populated\">\n\t\t\t\t\t\t<section class=\"ob-is-breaking-bad ob-bb-inner elementor-section elementor-inner-section elementor-element elementor-element-371538b elementor-section-boxed elementor-section-height-default elementor-section-height-default\" data-id=\"371538b\" data-element_type=\"section\" data-e-type=\"section\" data-settings=\"{&quot;_ob_bbad_use_it&quot;:&quot;yes&quot;,&quot;_ob_bbad_sssic_use&quot;:&quot;no&quot;,&quot;_ob_glider_is_slider&quot;:&quot;no&quot;,&quot;ekit_has_onepagescroll_dot&quot;:&quot;yes&quot;}\">\n\t\t\t\t\t\t<div class=\"elementor-container elementor-column-gap-default\">\n\t\t\t\t\t<div class=\"elementor-column elementor-col-66 elementor-inner-column elementor-element elementor-element-3cb92dc\" data-id=\"3cb92dc\" data-element_type=\"column\" data-e-type=\"column\" data-settings=\"{&quot;_ob_bbad_is_stalker&quot;:&quot;no&quot;,&quot;_ob_teleporter_use&quot;:false,&quot;_ob_column_hoveranimator&quot;:&quot;no&quot;,&quot;_ob_column_has_pseudo&quot;:&quot;no&quot;}\">\n\t\t\t<div class=\"elementor-widget-wrap elementor-element-populated\">\n\t\t\t\t\t\t<div class=\"elementor-element elementor-element-9293905 ob-harakiri-inherit elementor-invisible ob-has-background-overlay elementor-widget elementor-widget-heading\" data-id=\"9293905\" data-element_type=\"widget\" data-e-type=\"widget\" data-settings=\"{&quot;_animation&quot;:&quot;fadeInUp&quot;,&quot;_ob_use_harakiri&quot;:&quot;yes&quot;,&quot;_ob_harakiri_writing_mode&quot;:&quot;inherit&quot;,&quot;_ob_harakiri_text_clip&quot;:&quot;none&quot;,&quot;_ob_perspektive_use&quot;:&quot;no&quot;,&quot;ekit_we_effect_on&quot;:&quot;none&quot;,&quot;_ob_poopart_use&quot;:&quot;yes&quot;,&quot;_ob_shadough_use&quot;:&quot;no&quot;,&quot;_ob_allow_hoveranimator&quot;:&quot;no&quot;,&quot;_ob_widget_stalker_use&quot;:&quot;no&quot;}\" data-widget_type=\"heading.default\">\n\t\t\t\t<div class=\"elementor-widget-container\">\n\t\t\t\t\t<h1 class=\"elementor-heading-title elementor-size-default\">\u00dcBER UNS<\/h1>\t\t\t\t<\/div>\n\t\t\t\t<\/div>\n\t\t\t\t<div class=\"elementor-element elementor-element-cb911a6 animated-slow ob-harakiri-inherit elementor-invisible ob-has-background-overlay elementor-widget elementor-widget-heading\" data-id=\"cb911a6\" data-element_type=\"widget\" data-e-type=\"widget\" data-settings=\"{&quot;_animation&quot;:&quot;fadeInUp&quot;,&quot;_animation_delay&quot;:600,&quot;_ob_use_harakiri&quot;:&quot;yes&quot;,&quot;_ob_harakiri_writing_mode&quot;:&quot;inherit&quot;,&quot;_ob_harakiri_text_clip&quot;:&quot;none&quot;,&quot;_ob_perspektive_use&quot;:&quot;no&quot;,&quot;ekit_we_effect_on&quot;:&quot;none&quot;,&quot;_ob_poopart_use&quot;:&quot;yes&quot;,&quot;_ob_shadough_use&quot;:&quot;no&quot;,&quot;_ob_allow_hoveranimator&quot;:&quot;no&quot;,&quot;_ob_widget_stalker_use&quot;:&quot;no&quot;}\" data-widget_type=\"heading.default\">\n\t\t\t\t<div class=\"elementor-widget-container\">\n\t\t\t\t\t<h2 class=\"elementor-heading-title elementor-size-default\">Bei Battl Victory Records steht der K\u00fcnstler an erster Stelle. Das f\u00e4llt uns leicht, denn wir sind auch Musiker. Wir haben Shows vor 2-3 Leuten im Publikum gespielt. Als Musiker k\u00e4mpften wir ebenfalls unsere Pr\u00e4senz in den sozialen Medien zu steigern und haben unsere eigenen Touren zusammengestellt. Wir haben versucht den Vertrieb zu leiten, nur um herauszufinden, wie kompliziert es sein kann.\nAlleine ist es sehr schwierig. Es ist leicht, aufzugeben und es sp\u00e4ter noch einmal versuchen zu wollen, aber wie oft versuchen wir es wirklich noch einmal?<\/h2>\t\t\t\t<\/div>\n\t\t\t\t<\/div>\n\t\t\t\t\t<\/div>\n\t\t<\/div>\n\t\t\t\t<div class=\"elementor-column elementor-col-33 elementor-inner-column elementor-element elementor-element-2d5e627\" data-id=\"2d5e627\" data-element_type=\"column\" data-e-type=\"column\" data-settings=\"{&quot;_ob_bbad_is_stalker&quot;:&quot;no&quot;,&quot;_ob_teleporter_use&quot;:false,&quot;_ob_column_hoveranimator&quot;:&quot;no&quot;,&quot;_ob_column_has_pseudo&quot;:&quot;no&quot;}\">\n\t\t\t<div class=\"elementor-widget-wrap elementor-element-populated\">\n\t\t\t\t\t\t<div class=\"elementor-element elementor-element-b88a5d2 elementor-align-center ob-has-background-overlay elementor-widget elementor-widget-lottie\" data-id=\"b88a5d2\" data-element_type=\"widget\" data-e-type=\"widget\" data-settings=\"{&quot;source_json&quot;:{&quot;url&quot;:&quot;https:\\\/\\\/battl-victory-records.com\\\/wp-content\\\/uploads\\\/2021\\\/08\\\/music.json&quot;,&quot;id&quot;:7237,&quot;size&quot;:&quot;&quot;},&quot;loop&quot;:&quot;yes&quot;,&quot;lazyload&quot;:&quot;yes&quot;,&quot;source&quot;:&quot;media_file&quot;,&quot;caption_source&quot;:&quot;none&quot;,&quot;link_to&quot;:&quot;none&quot;,&quot;trigger&quot;:&quot;arriving_to_viewport&quot;,&quot;viewport&quot;:{&quot;unit&quot;:&quot;%&quot;,&quot;size&quot;:&quot;&quot;,&quot;sizes&quot;:{&quot;start&quot;:0,&quot;end&quot;:100}},&quot;play_speed&quot;:{&quot;unit&quot;:&quot;px&quot;,&quot;size&quot;:1,&quot;sizes&quot;:[]},&quot;start_point&quot;:{&quot;unit&quot;:&quot;%&quot;,&quot;size&quot;:0,&quot;sizes&quot;:[]},&quot;end_point&quot;:{&quot;unit&quot;:&quot;%&quot;,&quot;size&quot;:100,&quot;sizes&quot;:[]},&quot;renderer&quot;:&quot;svg&quot;,&quot;_ob_perspektive_use&quot;:&quot;no&quot;,&quot;ekit_we_effect_on&quot;:&quot;none&quot;,&quot;_ob_poopart_use&quot;:&quot;yes&quot;,&quot;_ob_shadough_use&quot;:&quot;no&quot;,&quot;_ob_allow_hoveranimator&quot;:&quot;no&quot;,&quot;_ob_widget_stalker_use&quot;:&quot;no&quot;}\" data-widget_type=\"lottie.default\">\n\t\t\t\t<div class=\"elementor-widget-container\">\n\t\t\t\t\t<div class=\"e-lottie__container\"><div class=\"e-lottie__animation\"><\/div><\/div>\t\t\t\t<\/div>\n\t\t\t\t<\/div>\n\t\t\t\t\t<\/div>\n\t\t<\/div>\n\t\t\t\t\t<\/div>\n\t\t<\/section>\n\t\t\t\t<section class=\"ob-is-breaking-bad ob-bb-inner elementor-section elementor-inner-section elementor-element elementor-element-8cf3d57 elementor-section-boxed elementor-section-height-default elementor-section-height-default\" data-id=\"8cf3d57\" data-element_type=\"section\" data-e-type=\"section\" data-settings=\"{&quot;_ob_bbad_use_it&quot;:&quot;yes&quot;,&quot;_ob_bbad_sssic_use&quot;:&quot;no&quot;,&quot;_ob_glider_is_slider&quot;:&quot;no&quot;,&quot;ekit_has_onepagescroll_dot&quot;:&quot;yes&quot;}\">\n\t\t\t\t\t\t<div class=\"elementor-container elementor-column-gap-default\">\n\t\t\t\t\t<div class=\"elementor-column elementor-col-100 elementor-inner-column elementor-element elementor-element-d8b3321\" data-id=\"d8b3321\" data-element_type=\"column\" data-e-type=\"column\" data-settings=\"{&quot;_ob_bbad_is_stalker&quot;:&quot;no&quot;,&quot;_ob_teleporter_use&quot;:false,&quot;_ob_column_hoveranimator&quot;:&quot;no&quot;,&quot;_ob_column_has_pseudo&quot;:&quot;no&quot;}\">\n\t\t\t<div class=\"elementor-widget-wrap elementor-element-populated\">\n\t\t\t\t\t\t<div class=\"elementor-element elementor-element-5fdd14d elementor-drop-cap-yes ob-harakiri-inherit elementor-drop-cap-view-default elementor-invisible ob-has-background-overlay elementor-widget elementor-widget-text-editor\" data-id=\"5fdd14d\" data-element_type=\"widget\" data-e-type=\"widget\" data-settings=\"{&quot;drop_cap&quot;:&quot;yes&quot;,&quot;_animation&quot;:&quot;fadeInUp&quot;,&quot;_animation_delay&quot;:1200,&quot;_ob_use_harakiri&quot;:&quot;yes&quot;,&quot;_ob_harakiri_writing_mode&quot;:&quot;inherit&quot;,&quot;_ob_postman_use&quot;:&quot;no&quot;,&quot;_ob_perspektive_use&quot;:&quot;no&quot;,&quot;ekit_we_effect_on&quot;:&quot;none&quot;,&quot;_ob_poopart_use&quot;:&quot;yes&quot;,&quot;_ob_shadough_use&quot;:&quot;no&quot;,&quot;_ob_allow_hoveranimator&quot;:&quot;no&quot;,&quot;_ob_widget_stalker_use&quot;:&quot;no&quot;}\" data-widget_type=\"text-editor.default\">\n\t\t\t\t<div class=\"elementor-widget-container\">\n\t\t\t\t\t\t\t\t\t<p align=\"left\">Da kommen wir ins Spiel! Wir stellen unsere K\u00fcnstler bei allem, was wir tun, an die erste Stelle, weil wir am selben Punkt standen. Wir helfen bei allem, vom Schreiben \u00fcber die Produktion bis hin zum Marketing und Vertrieb. Ob es sich um CDs, Streaming, Vinyl oder einen anderen Service handelt. Wir tun alles f\u00fcr dich.<\/p><p align=\"left\">Battl Victory Records wurde 2015 von Daniel 'Battl' Sejpka in der Schweiz als independent Plattenlabel gegr\u00fcndet, und wir sind es geblieben. Wir brauchen kein Geld von den Gro\u00dfen, wir sorgen daf\u00fcr, dass es so funktioniert, wie wir es am besten k\u00f6nnen. Wir unterst\u00fctzen unsere K\u00fcnstler nach besten Kr\u00e4ften. Wir entscheiden uns daf\u00fcr, so zu bleiben, weil es der beste Weg ist, den wir kennen.<\/p><p align=\"left\">Warum? Mit der Unabh\u00e4ngigkeit kommt die Freiheit, nicht nur gro\u00df zu tr\u00e4umen, sondern auch die greifbaren Teile zusammenzusetzen, um dorthin zu gelangen.<\/p><p align=\"left\">Wenn Du unsere K\u00fcnstlerseite besuchst, haben wir alles von Metal-Rap \u00fcber House bis hin zu klassischem Rock. Der Grund daf\u00fcr ist, dass wir einen K\u00fcnstler nicht \u00fcber sein Genre, sondern \u00fcber seine Leidenschaft definieren. Ihre Bereitschaft, ihre eigenen Grenzen zu \u00fcberschreiten, w\u00e4hrend wir dasselbe tun.<\/p><p align=\"left\">Wir haben auch die Kontrolle \u00fcber unseren eigenen Vertrieb. Das bedeutet mehrere Dinge f\u00fcr dich (potenzieller Rockstar); Keine zwielichtigen Gesch\u00e4fte, keine Beteiligung mehrerer Parteien. Nur wir und unsere K\u00fcnstler an erster Stelle.<\/p><p align=\"left\">Unsere K\u00fcnstler behalten ihre kreative Kontrolle. Wir suchen einfach nach Wegen, um das Beste aus ihrem Potenzial herauszuholen. Alles, von Single-Cover bis hin zur Beteiligung an ihren Marketingkampagnen, wir bem\u00fchen uns, unsere K\u00fcnstler das Steuer zu halten. Der gr\u00f6\u00dfte gemeinsame Nenner, den wir haben, ist, dass wir alle Musiker sind und versuchen, uns gegenseitig besser zu machen.<\/p>\t\t\t\t\t\t\t\t<\/div>\n\t\t\t\t<\/div>\n\t\t\t\t\t<\/div>\n\t\t<\/div>\n\t\t\t\t\t<\/div>\n\t\t<\/section>\n\t\t\t\t\t<\/div>\n\t\t<\/div>\n\t\t\t\t\t<\/div>\n\t\t<\/section>\n\t\t\t\t<\/div>","protected":false},"excerpt":{"rendered":"<p>We AreBattl Victory Records ABOUT US At Battl Victory Records the artist comes first. This comes easy for us because [&hellip;]<\/p>\n","protected":false},"author":1,"featured_media":0,"parent":0,"menu_order":0,"comment_status":"closed","ping_status":"closed","template":"","meta":{"_eb_attr":"","footnotes":""},"class_list":["post-7082","page","type-page","status-publish","hentry"],"yoast_head":"<!-- This site is optimized with the Yoast SEO Premium plugin v23.8 (Yoast SEO v27.2) - https:\/\/yoast.com\/product\/yoast-seo-premium-wordpress\/ -->\n<title>Record Label - Battl Victory Records<\/title>\n<meta name=\"robots\" content=\"index, follow, max-snippet:-1, max-image-preview:large, max-video-preview:-1\" \/>\n<link rel=\"canonical\" href=\"https:\/\/battl-victory-records.com\/de\/record-label\/\" \/>\n<meta property=\"og:locale\" content=\"de_DE\" \/>\n<meta property=\"og:type\" content=\"article\" \/>\n<meta property=\"og:title\" content=\"Record Label\" \/>\n<meta property=\"og:description\" content=\"We AreBattl Victory Records ABOUT US At Battl Victory Records the artist comes first. This comes easy for us because [&hellip;]\" \/>\n<meta property=\"og:url\" content=\"https:\/\/battl-victory-records.com\/de\/record-label\/\" \/>\n<meta property=\"og:site_name\" content=\"Battl Victory Records\" \/>\n<meta property=\"article:modified_time\" content=\"2023-03-27T10:07:52+00:00\" \/>\n<meta name=\"twitter:card\" content=\"summary_large_image\" \/>\n<meta name=\"twitter:label1\" content=\"Gesch\u00e4tzte Lesezeit\" \/>\n\t<meta name=\"twitter:data1\" content=\"2\u00a0Minuten\" \/>\n<script type=\"application\/ld+json\" class=\"yoast-schema-graph\">{\"@context\":\"https:\/\/schema.org\",\"@graph\":[{\"@type\":\"WebPage\",\"@id\":\"https:\/\/battl-victory-records.com\/en\/record-label\/\",\"url\":\"https:\/\/battl-victory-records.com\/en\/record-label\/\",\"name\":\"Record Label - Battl Victory Records\",\"isPartOf\":{\"@id\":\"https:\/\/battl-victory-records.com\/#website\"},\"datePublished\":\"2021-08-13T23:24:21+00:00\",\"dateModified\":\"2023-03-27T10:07:52+00:00\",\"breadcrumb\":{\"@id\":\"https:\/\/battl-victory-records.com\/en\/record-label\/#breadcrumb\"},\"inLanguage\":\"de\",\"potentialAction\":[{\"@type\":\"ReadAction\",\"target\":[\"https:\/\/battl-victory-records.com\/en\/record-label\/\"]}]},{\"@type\":\"BreadcrumbList\",\"@id\":\"https:\/\/battl-victory-records.com\/en\/record-label\/#breadcrumb\",\"itemListElement\":[{\"@type\":\"ListItem\",\"position\":1,\"name\":\"Home\",\"item\":\"https:\/\/battl-victory-records.com\/en\/\"},{\"@type\":\"ListItem\",\"position\":2,\"name\":\"Record Label\"}]},{\"@type\":\"WebSite\",\"@id\":\"https:\/\/battl-victory-records.com\/#website\",\"url\":\"https:\/\/battl-victory-records.com\/\",\"name\":\"Battl Victory Records\",\"description\":\"Independent Label for every Genre\",\"publisher\":{\"@id\":\"https:\/\/battl-victory-records.com\/#organization\"},\"potentialAction\":[{\"@type\":\"SearchAction\",\"target\":{\"@type\":\"EntryPoint\",\"urlTemplate\":\"https:\/\/battl-victory-records.com\/?s={search_term_string}\"},\"query-input\":{\"@type\":\"PropertyValueSpecification\",\"valueRequired\":true,\"valueName\":\"search_term_string\"}}],\"inLanguage\":\"de\"},{\"@type\":\"Organization\",\"@id\":\"https:\/\/battl-victory-records.com\/#organization\",\"name\":\"Battl Victory Records\",\"url\":\"https:\/\/battl-victory-records.com\/\",\"logo\":{\"@type\":\"ImageObject\",\"inLanguage\":\"de\",\"@id\":\"https:\/\/battl-victory-records.com\/#\/schema\/logo\/image\/\",\"url\":\"https:\/\/battl-victory-records.com\/wp-content\/uploads\/page\/bvr\/Battl-Victory-Records_logow.png\",\"contentUrl\":\"https:\/\/battl-victory-records.com\/wp-content\/uploads\/page\/bvr\/Battl-Victory-Records_logow.png\",\"width\":1453,\"height\":572,\"caption\":\"Battl Victory Records\"},\"image\":{\"@id\":\"https:\/\/battl-victory-records.com\/#\/schema\/logo\/image\/\"}}]}<\/script>\n<!-- \/ Yoast SEO Premium plugin. -->","yoast_head_json":{"title":"Record Label - Battl Victory Records","robots":{"index":"index","follow":"follow","max-snippet":"max-snippet:-1","max-image-preview":"max-image-preview:large","max-video-preview":"max-video-preview:-1"},"canonical":"https:\/\/battl-victory-records.com\/de\/record-label\/","og_locale":"de_DE","og_type":"article","og_title":"Record Label","og_description":"We AreBattl Victory Records ABOUT US At Battl Victory Records the artist comes first. This comes easy for us because [&hellip;]","og_url":"https:\/\/battl-victory-records.com\/de\/record-label\/","og_site_name":"Battl Victory Records","article_modified_time":"2023-03-27T10:07:52+00:00","twitter_card":"summary_large_image","twitter_misc":{"Gesch\u00e4tzte Lesezeit":"2\u00a0Minuten"},"schema":{"@context":"https:\/\/schema.org","@graph":[{"@type":"WebPage","@id":"https:\/\/battl-victory-records.com\/en\/record-label\/","url":"https:\/\/battl-victory-records.com\/en\/record-label\/","name":"Record Label - Battl Victory Records","isPartOf":{"@id":"https:\/\/battl-victory-records.com\/#website"},"datePublished":"2021-08-13T23:24:21+00:00","dateModified":"2023-03-27T10:07:52+00:00","breadcrumb":{"@id":"https:\/\/battl-victory-records.com\/en\/record-label\/#breadcrumb"},"inLanguage":"de","potentialAction":[{"@type":"ReadAction","target":["https:\/\/battl-victory-records.com\/en\/record-label\/"]}]},{"@type":"BreadcrumbList","@id":"https:\/\/battl-victory-records.com\/en\/record-label\/#breadcrumb","itemListElement":[{"@type":"ListItem","position":1,"name":"Home","item":"https:\/\/battl-victory-records.com\/en\/"},{"@type":"ListItem","position":2,"name":"Record Label"}]},{"@type":"WebSite","@id":"https:\/\/battl-victory-records.com\/#website","url":"https:\/\/battl-victory-records.com\/","name":"Battl Victory Records","description":"Independent Label f\u00fcr alle Genre","publisher":{"@id":"https:\/\/battl-victory-records.com\/#organization"},"potentialAction":[{"@type":"SearchAction","target":{"@type":"EntryPoint","urlTemplate":"https:\/\/battl-victory-records.com\/?s={search_term_string}"},"query-input":{"@type":"PropertyValueSpecification","valueRequired":true,"valueName":"search_term_string"}}],"inLanguage":"de"},{"@type":"Organization","@id":"https:\/\/battl-victory-records.com\/#organization","name":"Battl Victory Records","url":"https:\/\/battl-victory-records.com\/","logo":{"@type":"ImageObject","inLanguage":"de","@id":"https:\/\/battl-victory-records.com\/#\/schema\/logo\/image\/","url":"https:\/\/battl-victory-records.com\/wp-content\/uploads\/page\/bvr\/Battl-Victory-Records_logow.png","contentUrl":"https:\/\/battl-victory-records.com\/wp-content\/uploads\/page\/bvr\/Battl-Victory-Records_logow.png","width":1453,"height":572,"caption":"Battl Victory Records"},"image":{"@id":"https:\/\/battl-victory-records.com\/#\/schema\/logo\/image\/"}}]}},"acf":[],"_links":{"self":[{"href":"https:\/\/battl-victory-records.com\/de\/wp-json\/wp\/v2\/pages\/7082","targetHints":{"allow":["GET"]}}],"collection":[{"href":"https:\/\/battl-victory-records.com\/de\/wp-json\/wp\/v2\/pages"}],"about":[{"href":"https:\/\/battl-victory-records.com\/de\/wp-json\/wp\/v2\/types\/page"}],"author":[{"embeddable":true,"href":"https:\/\/battl-victory-records.com\/de\/wp-json\/wp\/v2\/users\/1"}],"replies":[{"embeddable":true,"href":"https:\/\/battl-victory-records.com\/de\/wp-json\/wp\/v2\/comments?post=7082"}],"version-history":[{"count":62,"href":"https:\/\/battl-victory-records.com\/de\/wp-json\/wp\/v2\/pages\/7082\/revisions"}],"predecessor-version":[{"id":9039,"href":"https:\/\/battl-victory-records.com\/de\/wp-json\/wp\/v2\/pages\/7082\/revisions\/9039"}],"wp:attachment":[{"href":"https:\/\/battl-victory-records.com\/de\/wp-json\/wp\/v2\/media?parent=7082"}],"curies":[{"name":"wp","href":"https:\/\/api.w.org\/{rel}","templated":true}]}}