{"id":8973,"date":"2023-03-13T08:53:04","date_gmt":"2023-03-13T15:53:04","guid":{"rendered":"https:\/\/battl-victory-records.com\/?page_id=8973"},"modified":"2025-09-22T03:15:14","modified_gmt":"2025-09-22T10:15:14","slug":"distro-service","status":"publish","type":"page","link":"https:\/\/battl-victory-records.com\/cs\/distro-service\/","title":{"rendered":"Distro Service"},"content":{"rendered":"<div data-elementor-type=\"wp-page\" data-elementor-id=\"8973\" class=\"elementor elementor-8973\" data-elementor-post-type=\"page\">\n\t\t\t\t\t\t<section class=\"ob-is-breaking-bad elementor-section elementor-top-section elementor-element elementor-element-d041bb0 elementor-section-stretched elementor-section-height-min-height animated-slow elementor-section-boxed elementor-section-height-default elementor-section-items-middle elementor-invisible\" data-id=\"d041bb0\" data-element_type=\"section\" data-e-type=\"section\" data-settings=\"{&quot;stretch_section&quot;:&quot;section-stretched&quot;,&quot;background_background&quot;:&quot;classic&quot;,&quot;animation&quot;:&quot;fadeIn&quot;,&quot;_ob_bbad_use_it&quot;:&quot;yes&quot;,&quot;_ob_bbad_sssic_use&quot;:&quot;no&quot;,&quot;_ob_glider_is_slider&quot;:&quot;no&quot;,&quot;ekit_has_onepagescroll_dot&quot;:&quot;yes&quot;}\">\n\t\t\t\t\t\t<div class=\"elementor-container elementor-column-gap-default\">\n\t\t\t\t\t<div class=\"elementor-column elementor-col-100 elementor-top-column elementor-element elementor-element-239a184\" data-id=\"239a184\" data-element_type=\"column\" data-e-type=\"column\" data-settings=\"{&quot;_ob_bbad_is_stalker&quot;:&quot;no&quot;,&quot;_ob_teleporter_use&quot;:false,&quot;_ob_column_hoveranimator&quot;:&quot;no&quot;,&quot;_ob_column_has_pseudo&quot;:&quot;no&quot;}\">\n\t\t\t<div class=\"elementor-widget-wrap elementor-element-populated\">\n\t\t\t\t\t\t<div class=\"elementor-element elementor-element-6dde393 animated-slow ob-harakiri-inherit elementor-invisible ob-has-background-overlay elementor-widget elementor-widget-heading\" data-id=\"6dde393\" data-element_type=\"widget\" data-e-type=\"widget\" data-settings=\"{&quot;_animation&quot;:&quot;fadeInUp&quot;,&quot;_animation_delay&quot;:300,&quot;_ob_use_harakiri&quot;:&quot;yes&quot;,&quot;_ob_harakiri_writing_mode&quot;:&quot;inherit&quot;,&quot;_ob_harakiri_text_clip&quot;:&quot;none&quot;,&quot;_ob_perspektive_use&quot;:&quot;no&quot;,&quot;ekit_we_effect_on&quot;:&quot;none&quot;,&quot;_ob_poopart_use&quot;:&quot;yes&quot;,&quot;_ob_shadough_use&quot;:&quot;no&quot;,&quot;_ob_allow_hoveranimator&quot;:&quot;no&quot;,&quot;_ob_widget_stalker_use&quot;:&quot;no&quot;}\" data-widget_type=\"heading.default\">\n\t\t\t\t<div class=\"elementor-widget-container\">\n\t\t\t\t\t<h1 class=\"elementor-heading-title elementor-size-default\">We Are<br>Battl Victory Records<\/h1>\t\t\t\t<\/div>\n\t\t\t\t<\/div>\n\t\t\t\t\t<\/div>\n\t\t<\/div>\n\t\t\t\t\t<\/div>\n\t\t<\/section>\n\t\t\t\t<section class=\"ob-is-breaking-bad elementor-section elementor-top-section elementor-element elementor-element-964491f elementor-section-boxed elementor-section-height-default elementor-section-height-default\" data-id=\"964491f\" data-element_type=\"section\" data-e-type=\"section\" data-settings=\"{&quot;_ob_bbad_use_it&quot;:&quot;yes&quot;,&quot;_ob_bbad_sssic_use&quot;:&quot;no&quot;,&quot;_ob_glider_is_slider&quot;:&quot;no&quot;,&quot;ekit_has_onepagescroll_dot&quot;:&quot;yes&quot;}\">\n\t\t\t\t\t\t<div class=\"elementor-container elementor-column-gap-default\">\n\t\t\t\t\t<div class=\"elementor-column elementor-col-100 elementor-top-column elementor-element elementor-element-3127c14\" data-id=\"3127c14\" data-element_type=\"column\" data-e-type=\"column\" data-settings=\"{&quot;background_background&quot;:&quot;gradient&quot;,&quot;_ob_bbad_is_stalker&quot;:&quot;no&quot;,&quot;_ob_teleporter_use&quot;:false,&quot;_ob_column_hoveranimator&quot;:&quot;no&quot;,&quot;_ob_column_has_pseudo&quot;:&quot;no&quot;}\">\n\t\t\t<div class=\"elementor-widget-wrap elementor-element-populated\">\n\t\t\t\t\t\t<section class=\"ob-is-breaking-bad ob-bb-inner elementor-section elementor-inner-section elementor-element elementor-element-79a5ffb elementor-section-boxed elementor-section-height-default elementor-section-height-default\" data-id=\"79a5ffb\" data-element_type=\"section\" data-e-type=\"section\" data-settings=\"{&quot;_ob_bbad_use_it&quot;:&quot;yes&quot;,&quot;_ob_bbad_sssic_use&quot;:&quot;no&quot;,&quot;_ob_glider_is_slider&quot;:&quot;no&quot;,&quot;ekit_has_onepagescroll_dot&quot;:&quot;yes&quot;}\">\n\t\t\t\t\t\t<div class=\"elementor-container elementor-column-gap-default\">\n\t\t\t\t\t<div class=\"elementor-column elementor-col-66 elementor-inner-column elementor-element elementor-element-ad296bc\" data-id=\"ad296bc\" data-element_type=\"column\" data-e-type=\"column\" data-settings=\"{&quot;_ob_bbad_is_stalker&quot;:&quot;no&quot;,&quot;_ob_teleporter_use&quot;:false,&quot;_ob_column_hoveranimator&quot;:&quot;no&quot;,&quot;_ob_column_has_pseudo&quot;:&quot;no&quot;}\">\n\t\t\t<div class=\"elementor-widget-wrap elementor-element-populated\">\n\t\t\t\t\t\t<div class=\"elementor-element elementor-element-f523d84 ob-harakiri-inherit elementor-invisible ob-has-background-overlay elementor-widget elementor-widget-heading\" data-id=\"f523d84\" data-element_type=\"widget\" data-e-type=\"widget\" data-settings=\"{&quot;_animation&quot;:&quot;fadeInUp&quot;,&quot;_ob_use_harakiri&quot;:&quot;yes&quot;,&quot;_ob_harakiri_writing_mode&quot;:&quot;inherit&quot;,&quot;_ob_harakiri_text_clip&quot;:&quot;none&quot;,&quot;_ob_perspektive_use&quot;:&quot;no&quot;,&quot;ekit_we_effect_on&quot;:&quot;none&quot;,&quot;_ob_poopart_use&quot;:&quot;yes&quot;,&quot;_ob_shadough_use&quot;:&quot;no&quot;,&quot;_ob_allow_hoveranimator&quot;:&quot;no&quot;,&quot;_ob_widget_stalker_use&quot;:&quot;no&quot;}\" data-widget_type=\"heading.default\">\n\t\t\t\t<div class=\"elementor-widget-container\">\n\t\t\t\t\t<h1 class=\"elementor-heading-title elementor-size-default\">Battl Victory Distro Service<\/h1>\t\t\t\t<\/div>\n\t\t\t\t<\/div>\n\t\t\t\t<div class=\"elementor-element elementor-element-986f1f8 animated-slow ob-harakiri-inherit elementor-invisible ob-has-background-overlay elementor-widget elementor-widget-heading\" data-id=\"986f1f8\" data-element_type=\"widget\" data-e-type=\"widget\" data-settings=\"{&quot;_animation&quot;:&quot;fadeInUp&quot;,&quot;_animation_delay&quot;:600,&quot;_ob_use_harakiri&quot;:&quot;yes&quot;,&quot;_ob_harakiri_writing_mode&quot;:&quot;inherit&quot;,&quot;_ob_harakiri_text_clip&quot;:&quot;none&quot;,&quot;_ob_perspektive_use&quot;:&quot;no&quot;,&quot;ekit_we_effect_on&quot;:&quot;none&quot;,&quot;_ob_poopart_use&quot;:&quot;yes&quot;,&quot;_ob_shadough_use&quot;:&quot;no&quot;,&quot;_ob_allow_hoveranimator&quot;:&quot;no&quot;,&quot;_ob_widget_stalker_use&quot;:&quot;no&quot;}\" data-widget_type=\"heading.default\">\n\t\t\t\t<div class=\"elementor-widget-container\">\n\t\t\t\t\t<h2 class=\"elementor-heading-title elementor-size-default\">Introducing the Ultimate Music Distribution Solution\n\nLooking for a music distribution service that works for everyone, from beginners to record labels? Look no further than our in-house distro service! With our powerful platform, you'll enjoy a host of benefits that you won't find anywhere else.\n\nOne of the biggest advantages of our service is that we offer a one-time payment for an annual subscription (unlimited upload), which means you can keep more of your royalties and earnings. Additionally, we provide free content ID, ISRC and barcode, smartURLs, and iTunes pre-orders to help you grow your audience and maximize your sales potential.<\/h2>\t\t\t\t<\/div>\n\t\t\t\t<\/div>\n\t\t\t\t\t<\/div>\n\t\t<\/div>\n\t\t\t\t<div class=\"elementor-column elementor-col-33 elementor-inner-column elementor-element elementor-element-7e44642\" data-id=\"7e44642\" data-element_type=\"column\" data-e-type=\"column\" data-settings=\"{&quot;_ob_bbad_is_stalker&quot;:&quot;no&quot;,&quot;_ob_teleporter_use&quot;:false,&quot;_ob_column_hoveranimator&quot;:&quot;no&quot;,&quot;_ob_column_has_pseudo&quot;:&quot;no&quot;}\">\n\t\t\t<div class=\"elementor-widget-wrap elementor-element-populated\">\n\t\t\t\t\t\t<div class=\"elementor-element elementor-element-c150fa4 elementor-align-center ob-has-background-overlay elementor-widget elementor-widget-lottie\" data-id=\"c150fa4\" data-element_type=\"widget\" data-e-type=\"widget\" data-settings=\"{&quot;source_json&quot;:{&quot;url&quot;:&quot;https:\\\/\\\/battl-victory-records.com\\\/wp-content\\\/uploads\\\/2021\\\/08\\\/music.json&quot;,&quot;id&quot;:7237,&quot;size&quot;:&quot;&quot;},&quot;loop&quot;:&quot;yes&quot;,&quot;lazyload&quot;:&quot;yes&quot;,&quot;source&quot;:&quot;media_file&quot;,&quot;caption_source&quot;:&quot;none&quot;,&quot;link_to&quot;:&quot;none&quot;,&quot;trigger&quot;:&quot;arriving_to_viewport&quot;,&quot;viewport&quot;:{&quot;unit&quot;:&quot;%&quot;,&quot;size&quot;:&quot;&quot;,&quot;sizes&quot;:{&quot;start&quot;:0,&quot;end&quot;:100}},&quot;play_speed&quot;:{&quot;unit&quot;:&quot;px&quot;,&quot;size&quot;:1,&quot;sizes&quot;:[]},&quot;start_point&quot;:{&quot;unit&quot;:&quot;%&quot;,&quot;size&quot;:0,&quot;sizes&quot;:[]},&quot;end_point&quot;:{&quot;unit&quot;:&quot;%&quot;,&quot;size&quot;:100,&quot;sizes&quot;:[]},&quot;renderer&quot;:&quot;svg&quot;,&quot;_ob_perspektive_use&quot;:&quot;no&quot;,&quot;ekit_we_effect_on&quot;:&quot;none&quot;,&quot;_ob_poopart_use&quot;:&quot;yes&quot;,&quot;_ob_shadough_use&quot;:&quot;no&quot;,&quot;_ob_allow_hoveranimator&quot;:&quot;no&quot;,&quot;_ob_widget_stalker_use&quot;:&quot;no&quot;}\" data-widget_type=\"lottie.default\">\n\t\t\t\t<div class=\"elementor-widget-container\">\n\t\t\t\t\t<div class=\"e-lottie__container\"><div class=\"e-lottie__animation\"><\/div><\/div>\t\t\t\t<\/div>\n\t\t\t\t<\/div>\n\t\t\t\t\t<\/div>\n\t\t<\/div>\n\t\t\t\t\t<\/div>\n\t\t<\/section>\n\t\t\t\t<section class=\"ob-is-breaking-bad ob-bb-inner elementor-section elementor-inner-section elementor-element elementor-element-6b3e4da elementor-section-boxed elementor-section-height-default elementor-section-height-default\" data-id=\"6b3e4da\" data-element_type=\"section\" data-e-type=\"section\" data-settings=\"{&quot;_ob_bbad_use_it&quot;:&quot;yes&quot;,&quot;_ob_bbad_sssic_use&quot;:&quot;no&quot;,&quot;_ob_glider_is_slider&quot;:&quot;no&quot;,&quot;ekit_has_onepagescroll_dot&quot;:&quot;yes&quot;}\">\n\t\t\t\t\t\t<div class=\"elementor-container elementor-column-gap-default\">\n\t\t\t\t\t<div class=\"elementor-column elementor-col-100 elementor-inner-column elementor-element elementor-element-3abb272\" data-id=\"3abb272\" data-element_type=\"column\" data-e-type=\"column\" data-settings=\"{&quot;_ob_bbad_is_stalker&quot;:&quot;no&quot;,&quot;_ob_teleporter_use&quot;:false,&quot;_ob_column_hoveranimator&quot;:&quot;no&quot;,&quot;_ob_column_has_pseudo&quot;:&quot;no&quot;}\">\n\t\t\t<div class=\"elementor-widget-wrap elementor-element-populated\">\n\t\t\t\t\t\t<div class=\"elementor-element elementor-element-77503e4 elementor-drop-cap-yes ob-harakiri-inherit elementor-drop-cap-view-default elementor-invisible ob-has-background-overlay elementor-widget elementor-widget-text-editor\" data-id=\"77503e4\" data-element_type=\"widget\" data-e-type=\"widget\" data-settings=\"{&quot;drop_cap&quot;:&quot;yes&quot;,&quot;_animation&quot;:&quot;fadeInUp&quot;,&quot;_animation_delay&quot;:1200,&quot;_ob_use_harakiri&quot;:&quot;yes&quot;,&quot;_ob_harakiri_writing_mode&quot;:&quot;inherit&quot;,&quot;_ob_postman_use&quot;:&quot;no&quot;,&quot;_ob_perspektive_use&quot;:&quot;no&quot;,&quot;ekit_we_effect_on&quot;:&quot;none&quot;,&quot;_ob_poopart_use&quot;:&quot;yes&quot;,&quot;_ob_shadough_use&quot;:&quot;no&quot;,&quot;_ob_allow_hoveranimator&quot;:&quot;no&quot;,&quot;_ob_widget_stalker_use&quot;:&quot;no&quot;}\" data-widget_type=\"text-editor.default\">\n\t\t\t\t<div class=\"elementor-widget-container\">\n\t\t\t\t\t\t\t\t\t<p>But that&#8217;s just the beginning! Our distribution platform covers music and videos, and we work with more than 300 stores and counting, so you can reach fans all over the world. And if you need help along the way, our dedicated support team is always here to assist you.<\/p><p>We also offer free discovery to help you get your music in front of more listeners, and our platform allows you to automatically share royalties with your band members and get paid directly to your bank account (in your currency).<\/p><p>Ready to take your music career to the next level? Check out our constantly growing offer and sign up for our in-house distro service today. Whether you&#8217;re a beginner, a pro, or a record label, we&#8217;ve got you covered.<\/p>\t\t\t\t\t\t\t\t<\/div>\n\t\t\t\t<\/div>\n\t\t\t\t\t<\/div>\n\t\t<\/div>\n\t\t\t\t\t<\/div>\n\t\t<\/section>\n\t\t\t\t\t<\/div>\n\t\t<\/div>\n\t\t\t\t\t<\/div>\n\t\t<\/section>\n\t\t\t\t<section class=\"ob-is-breaking-bad elementor-section elementor-top-section elementor-element elementor-element-5df31a7 elementor-section-boxed elementor-section-height-default elementor-section-height-default\" data-id=\"5df31a7\" data-element_type=\"section\" data-e-type=\"section\" data-settings=\"{&quot;_ob_bbad_use_it&quot;:&quot;yes&quot;,&quot;_ob_bbad_sssic_use&quot;:&quot;no&quot;,&quot;_ob_glider_is_slider&quot;:&quot;no&quot;,&quot;ekit_has_onepagescroll_dot&quot;:&quot;yes&quot;}\">\n\t\t\t\t\t\t<div class=\"elementor-container elementor-column-gap-default\">\n\t\t\t\t\t<div class=\"elementor-column elementor-col-33 elementor-top-column elementor-element elementor-element-1ae0a7d\" data-id=\"1ae0a7d\" data-element_type=\"column\" data-e-type=\"column\" data-settings=\"{&quot;_ob_bbad_is_stalker&quot;:&quot;no&quot;,&quot;_ob_teleporter_use&quot;:false,&quot;_ob_column_hoveranimator&quot;:&quot;no&quot;,&quot;_ob_column_has_pseudo&quot;:&quot;no&quot;}\">\n\t\t\t<div class=\"elementor-widget-wrap\">\n\t\t\t\t\t\t\t<\/div>\n\t\t<\/div>\n\t\t\t\t<div class=\"elementor-column elementor-col-33 elementor-top-column elementor-element elementor-element-31dbe60\" data-id=\"31dbe60\" data-element_type=\"column\" data-e-type=\"column\" data-settings=\"{&quot;_ob_bbad_is_stalker&quot;:&quot;no&quot;,&quot;_ob_teleporter_use&quot;:false,&quot;_ob_column_hoveranimator&quot;:&quot;no&quot;,&quot;_ob_column_has_pseudo&quot;:&quot;no&quot;}\">\n\t\t\t<div class=\"elementor-widget-wrap elementor-element-populated\">\n\t\t\t\t\t\t<div class=\"elementor-element elementor-element-e742e86 ob-has-background-overlay elementor-widget elementor-widget-image\" data-id=\"e742e86\" data-element_type=\"widget\" data-e-type=\"widget\" data-settings=\"{&quot;_ob_photomorph_use&quot;:&quot;no&quot;,&quot;_ob_perspektive_use&quot;:&quot;no&quot;,&quot;ekit_we_effect_on&quot;:&quot;none&quot;,&quot;_ob_poopart_use&quot;:&quot;yes&quot;,&quot;_ob_shadough_use&quot;:&quot;no&quot;,&quot;_ob_allow_hoveranimator&quot;:&quot;no&quot;,&quot;_ob_widget_stalker_use&quot;:&quot;no&quot;}\" data-widget_type=\"image.default\">\n\t\t\t\t<div class=\"elementor-widget-container\">\n\t\t\t\t\t\t\t\t\t\t\t\t\t\t\t<img fetchpriority=\"high\" decoding=\"async\" width=\"559\" height=\"559\" src=\"https:\/\/battl-victory-records.com\/wp-content\/uploads\/2023\/03\/BVDistro_Transparent-559x559.png\" class=\"attachment-medium size-medium wp-image-8975\" alt=\"\" srcset=\"https:\/\/battl-victory-records.com\/wp-content\/uploads\/2023\/03\/BVDistro_Transparent-559x559.png 559w, https:\/\/battl-victory-records.com\/wp-content\/uploads\/2023\/03\/BVDistro_Transparent-1024x1024.png 1024w, https:\/\/battl-victory-records.com\/wp-content\/uploads\/2023\/03\/BVDistro_Transparent-150x150.png 150w, https:\/\/battl-victory-records.com\/wp-content\/uploads\/2023\/03\/BVDistro_Transparent-768x768.png 768w, https:\/\/battl-victory-records.com\/wp-content\/uploads\/2023\/03\/BVDistro_Transparent-1536x1536.png 1536w, https:\/\/battl-victory-records.com\/wp-content\/uploads\/2023\/03\/BVDistro_Transparent-2048x2048.png 2048w, https:\/\/battl-victory-records.com\/wp-content\/uploads\/2023\/03\/BVDistro_Transparent-12x12.png 12w\" sizes=\"(max-width: 559px) 100vw, 559px\" \/>\t\t\t\t\t\t\t\t\t\t\t\t\t\t\t<\/div>\n\t\t\t\t<\/div>\n\t\t\t\t\t<\/div>\n\t\t<\/div>\n\t\t\t\t<div class=\"elementor-column elementor-col-33 elementor-top-column elementor-element elementor-element-5718152\" data-id=\"5718152\" data-element_type=\"column\" data-e-type=\"column\" data-settings=\"{&quot;_ob_bbad_is_stalker&quot;:&quot;no&quot;,&quot;_ob_teleporter_use&quot;:false,&quot;_ob_column_hoveranimator&quot;:&quot;no&quot;,&quot;_ob_column_has_pseudo&quot;:&quot;no&quot;}\">\n\t\t\t<div class=\"elementor-widget-wrap\">\n\t\t\t\t\t\t\t<\/div>\n\t\t<\/div>\n\t\t\t\t\t<\/div>\n\t\t<\/section>\n\t\t\t\t<\/div>","protected":false},"excerpt":{"rendered":"<p>We AreBattl Victory Records Battl Victory Distro Service Introducing the Ultimate Music Distribution Solution Looking for a music distribution service [&hellip;]<\/p>\n","protected":false},"author":1,"featured_media":0,"parent":0,"menu_order":0,"comment_status":"closed","ping_status":"closed","template":"","meta":{"_eb_attr":"","footnotes":""},"class_list":["post-8973","page","type-page","status-publish","hentry"],"yoast_head":"<!-- This site is optimized with the Yoast SEO Premium plugin v23.8 (Yoast SEO v27.2) - https:\/\/yoast.com\/product\/yoast-seo-premium-wordpress\/ -->\n<title>Distro Service - Battl Victory Records<\/title>\n<meta name=\"description\" content=\"Battl Victory Distro is our Distro Service specially created for you. Release your music &amp; videos worldwide to Spotify, iTunes, YouTube &amp; Co.\" \/>\n<meta name=\"robots\" content=\"index, follow, max-snippet:-1, max-image-preview:large, max-video-preview:-1\" \/>\n<link rel=\"canonical\" href=\"https:\/\/battl-victory-records.com\/cs\/distro-service\/\" \/>\n<meta property=\"og:locale\" content=\"cs_CZ\" \/>\n<meta property=\"og:type\" content=\"article\" \/>\n<meta property=\"og:title\" content=\"Distro Service\" \/>\n<meta property=\"og:description\" content=\"Battl Victory Distro is our Distro Service specially created for you. Release your music &amp; videos worldwide to Spotify, iTunes, YouTube &amp; Co.\" \/>\n<meta property=\"og:url\" content=\"https:\/\/battl-victory-records.com\/cs\/distro-service\/\" \/>\n<meta property=\"og:site_name\" content=\"Battl Victory Records\" \/>\n<meta property=\"article:modified_time\" content=\"2025-09-22T10:15:14+00:00\" \/>\n<meta property=\"og:image\" content=\"https:\/\/battl-victory-records.com\/wp-content\/uploads\/2023\/03\/BVDistro_Transparent.png\" \/>\n\t<meta property=\"og:image:width\" content=\"4167\" \/>\n\t<meta property=\"og:image:height\" content=\"4167\" \/>\n\t<meta property=\"og:image:type\" content=\"image\/png\" \/>\n<meta name=\"twitter:card\" content=\"summary_large_image\" \/>\n<meta name=\"twitter:label1\" content=\"Odhadovan\u00e1 doba \u010dten\u00ed\" \/>\n\t<meta name=\"twitter:data1\" content=\"2 minuty\" \/>\n<script type=\"application\/ld+json\" class=\"yoast-schema-graph\">{\"@context\":\"https:\/\/schema.org\",\"@graph\":[{\"@type\":\"WebPage\",\"@id\":\"https:\/\/battl-victory-records.com\/en\/distro-service\/\",\"url\":\"https:\/\/battl-victory-records.com\/en\/distro-service\/\",\"name\":\"Distro Service - Battl Victory Records\",\"isPartOf\":{\"@id\":\"https:\/\/battl-victory-records.com\/#website\"},\"primaryImageOfPage\":{\"@id\":\"https:\/\/battl-victory-records.com\/en\/distro-service\/#primaryimage\"},\"image\":{\"@id\":\"https:\/\/battl-victory-records.com\/en\/distro-service\/#primaryimage\"},\"thumbnailUrl\":\"https:\/\/battl-victory-records.com\/wp-content\/uploads\/2023\/03\/BVDistro_Transparent-559x559.png\",\"datePublished\":\"2023-03-13T15:53:04+00:00\",\"dateModified\":\"2025-09-22T10:15:14+00:00\",\"description\":\"Battl Victory Distro is our Distro Service specially created for you. Release your music & videos worldwide to Spotify, iTunes, YouTube & Co.\",\"breadcrumb\":{\"@id\":\"https:\/\/battl-victory-records.com\/en\/distro-service\/#breadcrumb\"},\"inLanguage\":\"cs\",\"potentialAction\":[{\"@type\":\"ReadAction\",\"target\":[\"https:\/\/battl-victory-records.com\/en\/distro-service\/\"]}]},{\"@type\":\"ImageObject\",\"inLanguage\":\"cs\",\"@id\":\"https:\/\/battl-victory-records.com\/en\/distro-service\/#primaryimage\",\"url\":\"https:\/\/battl-victory-records.com\/wp-content\/uploads\/2023\/03\/BVDistro_Transparent-559x559.png\",\"contentUrl\":\"https:\/\/battl-victory-records.com\/wp-content\/uploads\/2023\/03\/BVDistro_Transparent-559x559.png\"},{\"@type\":\"BreadcrumbList\",\"@id\":\"https:\/\/battl-victory-records.com\/en\/distro-service\/#breadcrumb\",\"itemListElement\":[{\"@type\":\"ListItem\",\"position\":1,\"name\":\"Home\",\"item\":\"https:\/\/battl-victory-records.com\/en\/\"},{\"@type\":\"ListItem\",\"position\":2,\"name\":\"Distro Service\"}]},{\"@type\":\"WebSite\",\"@id\":\"https:\/\/battl-victory-records.com\/#website\",\"url\":\"https:\/\/battl-victory-records.com\/\",\"name\":\"Battl Victory Records\",\"description\":\"Independent Label for every Genre\",\"publisher\":{\"@id\":\"https:\/\/battl-victory-records.com\/#organization\"},\"potentialAction\":[{\"@type\":\"SearchAction\",\"target\":{\"@type\":\"EntryPoint\",\"urlTemplate\":\"https:\/\/battl-victory-records.com\/?s={search_term_string}\"},\"query-input\":{\"@type\":\"PropertyValueSpecification\",\"valueRequired\":true,\"valueName\":\"search_term_string\"}}],\"inLanguage\":\"cs\"},{\"@type\":\"Organization\",\"@id\":\"https:\/\/battl-victory-records.com\/#organization\",\"name\":\"Battl Victory Records\",\"url\":\"https:\/\/battl-victory-records.com\/\",\"logo\":{\"@type\":\"ImageObject\",\"inLanguage\":\"cs\",\"@id\":\"https:\/\/battl-victory-records.com\/#\/schema\/logo\/image\/\",\"url\":\"https:\/\/battl-victory-records.com\/wp-content\/uploads\/page\/bvr\/Battl-Victory-Records_logow.png\",\"contentUrl\":\"https:\/\/battl-victory-records.com\/wp-content\/uploads\/page\/bvr\/Battl-Victory-Records_logow.png\",\"width\":1453,\"height\":572,\"caption\":\"Battl Victory Records\"},\"image\":{\"@id\":\"https:\/\/battl-victory-records.com\/#\/schema\/logo\/image\/\"}}]}<\/script>\n<!-- \/ Yoast SEO Premium plugin. -->","yoast_head_json":{"title":"Distro Service - Battl Victory Records","description":"Battl Victory Distro is our Distro Service specially created for you. Release your music & videos worldwide to Spotify, iTunes, YouTube & Co.","robots":{"index":"index","follow":"follow","max-snippet":"max-snippet:-1","max-image-preview":"max-image-preview:large","max-video-preview":"max-video-preview:-1"},"canonical":"https:\/\/battl-victory-records.com\/cs\/distro-service\/","og_locale":"cs_CZ","og_type":"article","og_title":"Distro Service","og_description":"Battl Victory Distro is our Distro Service specially created for you. Release your music & videos worldwide to Spotify, iTunes, YouTube & Co.","og_url":"https:\/\/battl-victory-records.com\/cs\/distro-service\/","og_site_name":"Battl Victory Records","article_modified_time":"2025-09-22T10:15:14+00:00","og_image":[{"width":4167,"height":4167,"url":"https:\/\/battl-victory-records.com\/wp-content\/uploads\/2023\/03\/BVDistro_Transparent.png","type":"image\/png"}],"twitter_card":"summary_large_image","twitter_misc":{"Odhadovan\u00e1 doba \u010dten\u00ed":"2 minuty"},"schema":{"@context":"https:\/\/schema.org","@graph":[{"@type":"WebPage","@id":"https:\/\/battl-victory-records.com\/en\/distro-service\/","url":"https:\/\/battl-victory-records.com\/en\/distro-service\/","name":"Distro Service - Battl Victory Records","isPartOf":{"@id":"https:\/\/battl-victory-records.com\/#website"},"primaryImageOfPage":{"@id":"https:\/\/battl-victory-records.com\/en\/distro-service\/#primaryimage"},"image":{"@id":"https:\/\/battl-victory-records.com\/en\/distro-service\/#primaryimage"},"thumbnailUrl":"https:\/\/battl-victory-records.com\/wp-content\/uploads\/2023\/03\/BVDistro_Transparent-559x559.png","datePublished":"2023-03-13T15:53:04+00:00","dateModified":"2025-09-22T10:15:14+00:00","description":"Battl Victory Distro is our Distro Service specially created for you. Release your music & videos worldwide to Spotify, iTunes, YouTube & Co.","breadcrumb":{"@id":"https:\/\/battl-victory-records.com\/en\/distro-service\/#breadcrumb"},"inLanguage":"cs","potentialAction":[{"@type":"ReadAction","target":["https:\/\/battl-victory-records.com\/en\/distro-service\/"]}]},{"@type":"ImageObject","inLanguage":"cs","@id":"https:\/\/battl-victory-records.com\/en\/distro-service\/#primaryimage","url":"https:\/\/battl-victory-records.com\/wp-content\/uploads\/2023\/03\/BVDistro_Transparent-559x559.png","contentUrl":"https:\/\/battl-victory-records.com\/wp-content\/uploads\/2023\/03\/BVDistro_Transparent-559x559.png"},{"@type":"BreadcrumbList","@id":"https:\/\/battl-victory-records.com\/en\/distro-service\/#breadcrumb","itemListElement":[{"@type":"ListItem","position":1,"name":"Home","item":"https:\/\/battl-victory-records.com\/en\/"},{"@type":"ListItem","position":2,"name":"Distro Service"}]},{"@type":"WebSite","@id":"https:\/\/battl-victory-records.com\/#website","url":"https:\/\/battl-victory-records.com\/","name":"Battl Victory Records","description":"Nez\u00e1visl\u00e1 zna\u010dka pro ka\u017ed\u00fd \u017e\u00e1nr","publisher":{"@id":"https:\/\/battl-victory-records.com\/#organization"},"potentialAction":[{"@type":"SearchAction","target":{"@type":"EntryPoint","urlTemplate":"https:\/\/battl-victory-records.com\/?s={search_term_string}"},"query-input":{"@type":"PropertyValueSpecification","valueRequired":true,"valueName":"search_term_string"}}],"inLanguage":"cs"},{"@type":"Organization","@id":"https:\/\/battl-victory-records.com\/#organization","name":"Battl Victory Records","url":"https:\/\/battl-victory-records.com\/","logo":{"@type":"ImageObject","inLanguage":"cs","@id":"https:\/\/battl-victory-records.com\/#\/schema\/logo\/image\/","url":"https:\/\/battl-victory-records.com\/wp-content\/uploads\/page\/bvr\/Battl-Victory-Records_logow.png","contentUrl":"https:\/\/battl-victory-records.com\/wp-content\/uploads\/page\/bvr\/Battl-Victory-Records_logow.png","width":1453,"height":572,"caption":"Battl Victory Records"},"image":{"@id":"https:\/\/battl-victory-records.com\/#\/schema\/logo\/image\/"}}]}},"acf":[],"_links":{"self":[{"href":"https:\/\/battl-victory-records.com\/cs\/wp-json\/wp\/v2\/pages\/8973","targetHints":{"allow":["GET"]}}],"collection":[{"href":"https:\/\/battl-victory-records.com\/cs\/wp-json\/wp\/v2\/pages"}],"about":[{"href":"https:\/\/battl-victory-records.com\/cs\/wp-json\/wp\/v2\/types\/page"}],"author":[{"embeddable":true,"href":"https:\/\/battl-victory-records.com\/cs\/wp-json\/wp\/v2\/users\/1"}],"replies":[{"embeddable":true,"href":"https:\/\/battl-victory-records.com\/cs\/wp-json\/wp\/v2\/comments?post=8973"}],"version-history":[{"count":31,"href":"https:\/\/battl-victory-records.com\/cs\/wp-json\/wp\/v2\/pages\/8973\/revisions"}],"predecessor-version":[{"id":10430,"href":"https:\/\/battl-victory-records.com\/cs\/wp-json\/wp\/v2\/pages\/8973\/revisions\/10430"}],"wp:attachment":[{"href":"https:\/\/battl-victory-records.com\/cs\/wp-json\/wp\/v2\/media?parent=8973"}],"curies":[{"name":"wp","href":"https:\/\/api.w.org\/{rel}","templated":true}]}}