{"id":8221,"date":"2022-04-23T09:18:53","date_gmt":"2022-04-23T16:18:53","guid":{"rendered":"https:\/\/battl-victory-records.com\/?page_id=8221"},"modified":"2023-03-28T00:50:49","modified_gmt":"2023-03-28T07:50:49","slug":"artist-agency","status":"publish","type":"page","link":"https:\/\/battl-victory-records.com\/cs\/artist-agency\/","title":{"rendered":"Agentura pro um\u011blce"},"content":{"rendered":"<div data-elementor-type=\"wp-page\" data-elementor-id=\"8221\" class=\"elementor elementor-8221\" data-elementor-post-type=\"page\">\n\t\t\t\t\t\t<section class=\"ob-is-breaking-bad elementor-section elementor-top-section elementor-element elementor-element-ac283aa elementor-section-stretched elementor-section-height-min-height animated-slow elementor-section-boxed elementor-section-height-default elementor-section-items-middle elementor-invisible\" data-id=\"ac283aa\" data-element_type=\"section\" data-e-type=\"section\" data-settings=\"{&quot;stretch_section&quot;:&quot;section-stretched&quot;,&quot;background_background&quot;:&quot;classic&quot;,&quot;animation&quot;:&quot;fadeIn&quot;,&quot;_ob_bbad_use_it&quot;:&quot;yes&quot;,&quot;_ob_bbad_sssic_use&quot;:&quot;no&quot;,&quot;_ob_glider_is_slider&quot;:&quot;no&quot;,&quot;ekit_has_onepagescroll_dot&quot;:&quot;yes&quot;}\">\n\t\t\t\t\t\t<div class=\"elementor-container elementor-column-gap-default\">\n\t\t\t\t\t<div class=\"elementor-column elementor-col-100 elementor-top-column elementor-element elementor-element-43ebcd7\" data-id=\"43ebcd7\" data-element_type=\"column\" data-e-type=\"column\" data-settings=\"{&quot;_ob_bbad_is_stalker&quot;:&quot;no&quot;,&quot;_ob_teleporter_use&quot;:false,&quot;_ob_column_hoveranimator&quot;:&quot;no&quot;,&quot;_ob_column_has_pseudo&quot;:&quot;no&quot;}\">\n\t\t\t<div class=\"elementor-widget-wrap elementor-element-populated\">\n\t\t\t\t\t\t<div class=\"elementor-element elementor-element-1dc509e animated-slow ob-harakiri-inherit elementor-invisible ob-has-background-overlay elementor-widget elementor-widget-heading\" data-id=\"1dc509e\" data-element_type=\"widget\" data-e-type=\"widget\" data-settings=\"{&quot;_animation&quot;:&quot;fadeInUp&quot;,&quot;_animation_delay&quot;:300,&quot;_ob_use_harakiri&quot;:&quot;yes&quot;,&quot;_ob_harakiri_writing_mode&quot;:&quot;inherit&quot;,&quot;_ob_harakiri_text_clip&quot;:&quot;none&quot;,&quot;_ob_perspektive_use&quot;:&quot;no&quot;,&quot;ekit_we_effect_on&quot;:&quot;none&quot;,&quot;_ob_poopart_use&quot;:&quot;yes&quot;,&quot;_ob_shadough_use&quot;:&quot;no&quot;,&quot;_ob_allow_hoveranimator&quot;:&quot;no&quot;,&quot;_ob_widget_stalker_use&quot;:&quot;no&quot;}\" data-widget_type=\"heading.default\">\n\t\t\t\t<div class=\"elementor-widget-container\">\n\t\t\t\t\t<h1 class=\"elementor-heading-title elementor-size-default\">We Are<br>Battl Victory Records<\/h1>\t\t\t\t<\/div>\n\t\t\t\t<\/div>\n\t\t\t\t\t<\/div>\n\t\t<\/div>\n\t\t\t\t\t<\/div>\n\t\t<\/section>\n\t\t\t\t<section class=\"ob-is-breaking-bad elementor-section elementor-top-section elementor-element elementor-element-77d2277 elementor-section-boxed elementor-section-height-default elementor-section-height-default\" data-id=\"77d2277\" data-element_type=\"section\" data-e-type=\"section\" data-settings=\"{&quot;_ob_bbad_use_it&quot;:&quot;yes&quot;,&quot;_ob_bbad_sssic_use&quot;:&quot;no&quot;,&quot;_ob_glider_is_slider&quot;:&quot;no&quot;,&quot;ekit_has_onepagescroll_dot&quot;:&quot;yes&quot;}\">\n\t\t\t\t\t\t<div class=\"elementor-container elementor-column-gap-default\">\n\t\t\t\t\t<div class=\"elementor-column elementor-col-100 elementor-top-column elementor-element elementor-element-b0fa262\" data-id=\"b0fa262\" data-element_type=\"column\" data-e-type=\"column\" data-settings=\"{&quot;background_background&quot;:&quot;gradient&quot;,&quot;_ob_bbad_is_stalker&quot;:&quot;no&quot;,&quot;_ob_teleporter_use&quot;:false,&quot;_ob_column_hoveranimator&quot;:&quot;no&quot;,&quot;_ob_column_has_pseudo&quot;:&quot;no&quot;}\">\n\t\t\t<div class=\"elementor-widget-wrap elementor-element-populated\">\n\t\t\t\t\t\t<section class=\"ob-is-breaking-bad ob-bb-inner elementor-section elementor-inner-section elementor-element elementor-element-e853c45 elementor-section-boxed elementor-section-height-default elementor-section-height-default\" data-id=\"e853c45\" data-element_type=\"section\" data-e-type=\"section\" data-settings=\"{&quot;_ob_bbad_use_it&quot;:&quot;yes&quot;,&quot;_ob_bbad_sssic_use&quot;:&quot;no&quot;,&quot;_ob_glider_is_slider&quot;:&quot;no&quot;,&quot;ekit_has_onepagescroll_dot&quot;:&quot;yes&quot;}\">\n\t\t\t\t\t\t<div class=\"elementor-container elementor-column-gap-default\">\n\t\t\t\t\t<div class=\"elementor-column elementor-col-66 elementor-inner-column elementor-element elementor-element-5fdb460\" data-id=\"5fdb460\" data-element_type=\"column\" data-e-type=\"column\" data-settings=\"{&quot;_ob_bbad_is_stalker&quot;:&quot;no&quot;,&quot;_ob_teleporter_use&quot;:false,&quot;_ob_column_hoveranimator&quot;:&quot;no&quot;,&quot;_ob_column_has_pseudo&quot;:&quot;no&quot;}\">\n\t\t\t<div class=\"elementor-widget-wrap elementor-element-populated\">\n\t\t\t\t\t\t<div class=\"elementor-element elementor-element-373d7f0 ob-harakiri-inherit elementor-invisible ob-has-background-overlay elementor-widget elementor-widget-heading\" data-id=\"373d7f0\" data-element_type=\"widget\" data-e-type=\"widget\" data-settings=\"{&quot;_animation&quot;:&quot;fadeInUp&quot;,&quot;_ob_use_harakiri&quot;:&quot;yes&quot;,&quot;_ob_harakiri_writing_mode&quot;:&quot;inherit&quot;,&quot;_ob_harakiri_text_clip&quot;:&quot;none&quot;,&quot;_ob_perspektive_use&quot;:&quot;no&quot;,&quot;ekit_we_effect_on&quot;:&quot;none&quot;,&quot;_ob_poopart_use&quot;:&quot;yes&quot;,&quot;_ob_shadough_use&quot;:&quot;no&quot;,&quot;_ob_allow_hoveranimator&quot;:&quot;no&quot;,&quot;_ob_widget_stalker_use&quot;:&quot;no&quot;}\" data-widget_type=\"heading.default\">\n\t\t\t\t<div class=\"elementor-widget-container\">\n\t\t\t\t\t<h1 class=\"elementor-heading-title elementor-size-default\">Welcome<\/h1>\t\t\t\t<\/div>\n\t\t\t\t<\/div>\n\t\t\t\t<div class=\"elementor-element elementor-element-4700905 animated-slow ob-harakiri-inherit elementor-invisible ob-has-background-overlay elementor-widget elementor-widget-heading\" data-id=\"4700905\" data-element_type=\"widget\" data-e-type=\"widget\" data-settings=\"{&quot;_animation&quot;:&quot;fadeInUp&quot;,&quot;_animation_delay&quot;:600,&quot;_ob_use_harakiri&quot;:&quot;yes&quot;,&quot;_ob_harakiri_writing_mode&quot;:&quot;inherit&quot;,&quot;_ob_harakiri_text_clip&quot;:&quot;none&quot;,&quot;_ob_perspektive_use&quot;:&quot;no&quot;,&quot;ekit_we_effect_on&quot;:&quot;none&quot;,&quot;_ob_poopart_use&quot;:&quot;yes&quot;,&quot;_ob_shadough_use&quot;:&quot;no&quot;,&quot;_ob_allow_hoveranimator&quot;:&quot;no&quot;,&quot;_ob_widget_stalker_use&quot;:&quot;no&quot;}\" data-widget_type=\"heading.default\">\n\t\t\t\t<div class=\"elementor-widget-container\">\n\t\t\t\t\t<h2 class=\"elementor-heading-title elementor-size-default\">to Battl Victory Artist Management, your all-in-one solution for comprehensive artist development and concert booking services. As part of the Battl Victory Records Group, we offer a range of services to support your music career, both online and offline.\n\nOur team of experts is dedicated to providing ongoing marketing support for your music career. We handle everything from setting up and maintaining your social media channels to verifying them, as well as planning tours and concerts on a regional and international level. We negotiate contracts and fees, search for sponsors and collaborations, and provide development and advice tailored to your unique needs as an artist.\n\nIn addition to our online marketing services, we also offer offline marketing services, including writing press releases and conducting email marketing campaigns. Our concert booking services are comprehensive, with our team handling all the details, from securing the venue to coordinating with promoters and vendors.<\/h2>\t\t\t\t<\/div>\n\t\t\t\t<\/div>\n\t\t\t\t\t<\/div>\n\t\t<\/div>\n\t\t\t\t<div class=\"elementor-column elementor-col-33 elementor-inner-column elementor-element elementor-element-3a8c6a9\" data-id=\"3a8c6a9\" data-element_type=\"column\" data-e-type=\"column\" data-settings=\"{&quot;_ob_bbad_is_stalker&quot;:&quot;no&quot;,&quot;_ob_teleporter_use&quot;:false,&quot;_ob_column_hoveranimator&quot;:&quot;no&quot;,&quot;_ob_column_has_pseudo&quot;:&quot;no&quot;}\">\n\t\t\t<div class=\"elementor-widget-wrap elementor-element-populated\">\n\t\t\t\t\t\t<div class=\"elementor-element elementor-element-ed34292 elementor-align-center ob-has-background-overlay elementor-widget elementor-widget-lottie\" data-id=\"ed34292\" data-element_type=\"widget\" data-e-type=\"widget\" data-settings=\"{&quot;source_json&quot;:{&quot;url&quot;:&quot;https:\\\/\\\/battl-victory-records.com\\\/wp-content\\\/uploads\\\/2021\\\/08\\\/music.json&quot;,&quot;id&quot;:7237,&quot;size&quot;:&quot;&quot;},&quot;loop&quot;:&quot;yes&quot;,&quot;lazyload&quot;:&quot;yes&quot;,&quot;source&quot;:&quot;media_file&quot;,&quot;caption_source&quot;:&quot;none&quot;,&quot;link_to&quot;:&quot;none&quot;,&quot;trigger&quot;:&quot;arriving_to_viewport&quot;,&quot;viewport&quot;:{&quot;unit&quot;:&quot;%&quot;,&quot;size&quot;:&quot;&quot;,&quot;sizes&quot;:{&quot;start&quot;:0,&quot;end&quot;:100}},&quot;play_speed&quot;:{&quot;unit&quot;:&quot;px&quot;,&quot;size&quot;:1,&quot;sizes&quot;:[]},&quot;start_point&quot;:{&quot;unit&quot;:&quot;%&quot;,&quot;size&quot;:0,&quot;sizes&quot;:[]},&quot;end_point&quot;:{&quot;unit&quot;:&quot;%&quot;,&quot;size&quot;:100,&quot;sizes&quot;:[]},&quot;renderer&quot;:&quot;svg&quot;,&quot;_ob_perspektive_use&quot;:&quot;no&quot;,&quot;ekit_we_effect_on&quot;:&quot;none&quot;,&quot;_ob_poopart_use&quot;:&quot;yes&quot;,&quot;_ob_shadough_use&quot;:&quot;no&quot;,&quot;_ob_allow_hoveranimator&quot;:&quot;no&quot;,&quot;_ob_widget_stalker_use&quot;:&quot;no&quot;}\" data-widget_type=\"lottie.default\">\n\t\t\t\t<div class=\"elementor-widget-container\">\n\t\t\t\t\t<div class=\"e-lottie__container\"><div class=\"e-lottie__animation\"><\/div><\/div>\t\t\t\t<\/div>\n\t\t\t\t<\/div>\n\t\t\t\t\t<\/div>\n\t\t<\/div>\n\t\t\t\t\t<\/div>\n\t\t<\/section>\n\t\t\t\t<section class=\"ob-is-breaking-bad ob-bb-inner elementor-section elementor-inner-section elementor-element elementor-element-7682a94 elementor-section-boxed elementor-section-height-default elementor-section-height-default\" data-id=\"7682a94\" data-element_type=\"section\" data-e-type=\"section\" data-settings=\"{&quot;_ob_bbad_use_it&quot;:&quot;yes&quot;,&quot;_ob_bbad_sssic_use&quot;:&quot;no&quot;,&quot;_ob_glider_is_slider&quot;:&quot;no&quot;,&quot;ekit_has_onepagescroll_dot&quot;:&quot;yes&quot;}\">\n\t\t\t\t\t\t<div class=\"elementor-container elementor-column-gap-default\">\n\t\t\t\t\t<div class=\"elementor-column elementor-col-100 elementor-inner-column elementor-element elementor-element-7c34ddc\" data-id=\"7c34ddc\" data-element_type=\"column\" data-e-type=\"column\" data-settings=\"{&quot;_ob_bbad_is_stalker&quot;:&quot;no&quot;,&quot;_ob_teleporter_use&quot;:false,&quot;_ob_column_hoveranimator&quot;:&quot;no&quot;,&quot;_ob_column_has_pseudo&quot;:&quot;no&quot;}\">\n\t\t\t<div class=\"elementor-widget-wrap elementor-element-populated\">\n\t\t\t\t\t\t<div class=\"elementor-element elementor-element-a786495 elementor-drop-cap-yes ob-harakiri-inherit elementor-drop-cap-view-default elementor-invisible ob-has-background-overlay elementor-widget elementor-widget-text-editor\" data-id=\"a786495\" data-element_type=\"widget\" data-e-type=\"widget\" data-settings=\"{&quot;drop_cap&quot;:&quot;yes&quot;,&quot;_animation&quot;:&quot;fadeInUp&quot;,&quot;_animation_delay&quot;:1200,&quot;_ob_use_harakiri&quot;:&quot;yes&quot;,&quot;_ob_harakiri_writing_mode&quot;:&quot;inherit&quot;,&quot;_ob_postman_use&quot;:&quot;no&quot;,&quot;_ob_perspektive_use&quot;:&quot;no&quot;,&quot;ekit_we_effect_on&quot;:&quot;none&quot;,&quot;_ob_poopart_use&quot;:&quot;yes&quot;,&quot;_ob_shadough_use&quot;:&quot;no&quot;,&quot;_ob_allow_hoveranimator&quot;:&quot;no&quot;,&quot;_ob_widget_stalker_use&quot;:&quot;no&quot;}\" data-widget_type=\"text-editor.default\">\n\t\t\t\t<div class=\"elementor-widget-container\">\n\t\t\t\t\t\t\t\t\t<p>At <strong>Battl Victory Artist Management<\/strong>, we understand the importance of contract negotiations and ensure that you receive the best possible fees and terms. Our team is skilled in contract negotiations, and we work hard to protect your interests and ensure that you receive fair compensation for your work.<\/p>\n<p>As part of the Battl Victory Records Group, our international network and direct contacts are at your disposal, giving you access to a global audience. And with <a href=\"https:\/\/battl-victory-records.com\/cs\/record-label\/\">Battl Victory Records<\/a> &amp; <a href=\"https:\/\/battl-victory-records.com\/cs\/music-publisher\/\">Battl Victory Publishing<\/a>, our close cooperation ensures a 360-degree carefree package.<\/p>\n<p>Don&#8217;t leave your music career to chance. Choose <strong>Battl Victory Artist Management<\/strong> and let us take your career to the next level. Contact us today to learn more about our services and how we can help you achieve your goals.<\/p>\t\t\t\t\t\t\t\t<\/div>\n\t\t\t\t<\/div>\n\t\t\t\t\t<\/div>\n\t\t<\/div>\n\t\t\t\t\t<\/div>\n\t\t<\/section>\n\t\t\t\t\t<\/div>\n\t\t<\/div>\n\t\t\t\t\t<\/div>\n\t\t<\/section>\n\t\t\t\t<section class=\"ob-is-breaking-bad elementor-section elementor-top-section elementor-element elementor-element-6166ea1 elementor-section-boxed elementor-section-height-default elementor-section-height-default\" data-id=\"6166ea1\" data-element_type=\"section\" data-e-type=\"section\" data-settings=\"{&quot;_ob_bbad_use_it&quot;:&quot;yes&quot;,&quot;_ob_bbad_sssic_use&quot;:&quot;no&quot;,&quot;_ob_glider_is_slider&quot;:&quot;no&quot;,&quot;ekit_has_onepagescroll_dot&quot;:&quot;yes&quot;}\">\n\t\t\t\t\t\t<div class=\"elementor-container elementor-column-gap-default\">\n\t\t\t\t\t<div class=\"elementor-column elementor-col-33 elementor-top-column elementor-element elementor-element-76f5a94\" data-id=\"76f5a94\" data-element_type=\"column\" data-e-type=\"column\" data-settings=\"{&quot;_ob_bbad_is_stalker&quot;:&quot;no&quot;,&quot;_ob_teleporter_use&quot;:false,&quot;_ob_column_hoveranimator&quot;:&quot;no&quot;,&quot;_ob_column_has_pseudo&quot;:&quot;no&quot;}\">\n\t\t\t<div class=\"elementor-widget-wrap\">\n\t\t\t\t\t\t\t<\/div>\n\t\t<\/div>\n\t\t\t\t<div class=\"elementor-column elementor-col-33 elementor-top-column elementor-element elementor-element-36d9f36\" data-id=\"36d9f36\" data-element_type=\"column\" data-e-type=\"column\" data-settings=\"{&quot;_ob_bbad_is_stalker&quot;:&quot;no&quot;,&quot;_ob_teleporter_use&quot;:false,&quot;_ob_column_hoveranimator&quot;:&quot;no&quot;,&quot;_ob_column_has_pseudo&quot;:&quot;no&quot;}\">\n\t\t\t<div class=\"elementor-widget-wrap elementor-element-populated\">\n\t\t\t\t\t\t<div class=\"elementor-element elementor-element-6e36eef ob-has-background-overlay elementor-widget elementor-widget-image\" data-id=\"6e36eef\" data-element_type=\"widget\" data-e-type=\"widget\" data-settings=\"{&quot;_ob_photomorph_use&quot;:&quot;no&quot;,&quot;_ob_perspektive_use&quot;:&quot;no&quot;,&quot;ekit_we_effect_on&quot;:&quot;none&quot;,&quot;_ob_poopart_use&quot;:&quot;yes&quot;,&quot;_ob_shadough_use&quot;:&quot;no&quot;,&quot;_ob_allow_hoveranimator&quot;:&quot;no&quot;,&quot;_ob_widget_stalker_use&quot;:&quot;no&quot;}\" data-widget_type=\"image.default\">\n\t\t\t\t<div class=\"elementor-widget-container\">\n\t\t\t\t\t\t\t\t\t\t\t\t\t\t\t<img fetchpriority=\"high\" decoding=\"async\" width=\"1024\" height=\"717\" src=\"https:\/\/battl-victory-records.com\/wp-content\/uploads\/2022\/06\/BVArtistMngmt_Transparent-1024x717.png\" class=\"attachment-large size-large wp-image-8735\" alt=\"Battl Victory Artist Management Logo\" srcset=\"https:\/\/battl-victory-records.com\/wp-content\/uploads\/2022\/06\/BVArtistMngmt_Transparent-1024x717.png 1024w, https:\/\/battl-victory-records.com\/wp-content\/uploads\/2022\/06\/BVArtistMngmt_Transparent-559x391.png 559w, https:\/\/battl-victory-records.com\/wp-content\/uploads\/2022\/06\/BVArtistMngmt_Transparent-768x538.png 768w, https:\/\/battl-victory-records.com\/wp-content\/uploads\/2022\/06\/BVArtistMngmt_Transparent-1536x1075.png 1536w, https:\/\/battl-victory-records.com\/wp-content\/uploads\/2022\/06\/BVArtistMngmt_Transparent-2048x1434.png 2048w, https:\/\/battl-victory-records.com\/wp-content\/uploads\/2022\/06\/BVArtistMngmt_Transparent-18x12.png 18w\" sizes=\"(max-width: 1024px) 100vw, 1024px\" \/>\t\t\t\t\t\t\t\t\t\t\t\t\t\t\t<\/div>\n\t\t\t\t<\/div>\n\t\t\t\t\t<\/div>\n\t\t<\/div>\n\t\t\t\t<div class=\"elementor-column elementor-col-33 elementor-top-column elementor-element elementor-element-bcc822d\" data-id=\"bcc822d\" data-element_type=\"column\" data-e-type=\"column\" data-settings=\"{&quot;_ob_bbad_is_stalker&quot;:&quot;no&quot;,&quot;_ob_teleporter_use&quot;:false,&quot;_ob_column_hoveranimator&quot;:&quot;no&quot;,&quot;_ob_column_has_pseudo&quot;:&quot;no&quot;}\">\n\t\t\t<div class=\"elementor-widget-wrap\">\n\t\t\t\t\t\t\t<\/div>\n\t\t<\/div>\n\t\t\t\t\t<\/div>\n\t\t<\/section>\n\t\t\t\t<\/div>","protected":false},"excerpt":{"rendered":"<p>We AreBattl Victory Records Welcome to Battl Victory Artist Management, your all-in-one solution for comprehensive artist development and concert booking [&hellip;]<\/p>\n","protected":false},"author":1,"featured_media":0,"parent":0,"menu_order":0,"comment_status":"closed","ping_status":"closed","template":"","meta":{"_eb_attr":"","footnotes":""},"class_list":["post-8221","page","type-page","status-publish","hentry"],"yoast_head":"<!-- This site is optimized with the Yoast SEO Premium plugin v23.8 (Yoast SEO v27.2) - https:\/\/yoast.com\/product\/yoast-seo-premium-wordpress\/ -->\n<title>Artist Agency - Battl Victory Records<\/title>\n<meta name=\"robots\" content=\"index, follow, max-snippet:-1, max-image-preview:large, max-video-preview:-1\" \/>\n<link rel=\"canonical\" href=\"https:\/\/battl-victory-records.com\/cs\/artist-agency\/\" \/>\n<meta property=\"og:locale\" content=\"cs_CZ\" \/>\n<meta property=\"og:type\" content=\"article\" \/>\n<meta property=\"og:title\" content=\"Artist Agency\" \/>\n<meta property=\"og:description\" content=\"We AreBattl Victory Records Welcome to Battl Victory Artist Management, your all-in-one solution for comprehensive artist development and concert booking [&hellip;]\" \/>\n<meta property=\"og:url\" content=\"https:\/\/battl-victory-records.com\/cs\/artist-agency\/\" \/>\n<meta property=\"og:site_name\" content=\"Battl Victory Records\" \/>\n<meta property=\"article:modified_time\" content=\"2023-03-28T07:50:49+00:00\" \/>\n<meta property=\"og:image\" content=\"https:\/\/battl-victory-records.com\/wp-content\/uploads\/2022\/06\/BVArtistMngmt_Transparent-1024x717.png\" \/>\n<meta name=\"twitter:card\" content=\"summary_large_image\" \/>\n<meta name=\"twitter:label1\" content=\"Odhadovan\u00e1 doba \u010dten\u00ed\" \/>\n\t<meta name=\"twitter:data1\" content=\"2 minuty\" \/>\n<script type=\"application\/ld+json\" class=\"yoast-schema-graph\">{\"@context\":\"https:\/\/schema.org\",\"@graph\":[{\"@type\":\"WebPage\",\"@id\":\"https:\/\/battl-victory-records.com\/en\/artist-agency\/\",\"url\":\"https:\/\/battl-victory-records.com\/en\/artist-agency\/\",\"name\":\"Artist Agency - Battl Victory Records\",\"isPartOf\":{\"@id\":\"https:\/\/battl-victory-records.com\/#website\"},\"primaryImageOfPage\":{\"@id\":\"https:\/\/battl-victory-records.com\/en\/artist-agency\/#primaryimage\"},\"image\":{\"@id\":\"https:\/\/battl-victory-records.com\/en\/artist-agency\/#primaryimage\"},\"thumbnailUrl\":\"https:\/\/battl-victory-records.com\/wp-content\/uploads\/2022\/06\/BVArtistMngmt_Transparent-1024x717.png\",\"datePublished\":\"2022-04-23T16:18:53+00:00\",\"dateModified\":\"2023-03-28T07:50:49+00:00\",\"breadcrumb\":{\"@id\":\"https:\/\/battl-victory-records.com\/en\/artist-agency\/#breadcrumb\"},\"inLanguage\":\"cs\",\"potentialAction\":[{\"@type\":\"ReadAction\",\"target\":[\"https:\/\/battl-victory-records.com\/en\/artist-agency\/\"]}]},{\"@type\":\"ImageObject\",\"inLanguage\":\"cs\",\"@id\":\"https:\/\/battl-victory-records.com\/en\/artist-agency\/#primaryimage\",\"url\":\"https:\/\/battl-victory-records.com\/wp-content\/uploads\/2022\/06\/BVArtistMngmt_Transparent-1024x717.png\",\"contentUrl\":\"https:\/\/battl-victory-records.com\/wp-content\/uploads\/2022\/06\/BVArtistMngmt_Transparent-1024x717.png\"},{\"@type\":\"BreadcrumbList\",\"@id\":\"https:\/\/battl-victory-records.com\/en\/artist-agency\/#breadcrumb\",\"itemListElement\":[{\"@type\":\"ListItem\",\"position\":1,\"name\":\"Home\",\"item\":\"https:\/\/battl-victory-records.com\/en\/\"},{\"@type\":\"ListItem\",\"position\":2,\"name\":\"Artist Agency\"}]},{\"@type\":\"WebSite\",\"@id\":\"https:\/\/battl-victory-records.com\/#website\",\"url\":\"https:\/\/battl-victory-records.com\/\",\"name\":\"Battl Victory Records\",\"description\":\"Independent Label for every Genre\",\"publisher\":{\"@id\":\"https:\/\/battl-victory-records.com\/#organization\"},\"potentialAction\":[{\"@type\":\"SearchAction\",\"target\":{\"@type\":\"EntryPoint\",\"urlTemplate\":\"https:\/\/battl-victory-records.com\/?s={search_term_string}\"},\"query-input\":{\"@type\":\"PropertyValueSpecification\",\"valueRequired\":true,\"valueName\":\"search_term_string\"}}],\"inLanguage\":\"cs\"},{\"@type\":\"Organization\",\"@id\":\"https:\/\/battl-victory-records.com\/#organization\",\"name\":\"Battl Victory Records\",\"url\":\"https:\/\/battl-victory-records.com\/\",\"logo\":{\"@type\":\"ImageObject\",\"inLanguage\":\"cs\",\"@id\":\"https:\/\/battl-victory-records.com\/#\/schema\/logo\/image\/\",\"url\":\"https:\/\/battl-victory-records.com\/wp-content\/uploads\/page\/bvr\/Battl-Victory-Records_logow.png\",\"contentUrl\":\"https:\/\/battl-victory-records.com\/wp-content\/uploads\/page\/bvr\/Battl-Victory-Records_logow.png\",\"width\":1453,\"height\":572,\"caption\":\"Battl Victory Records\"},\"image\":{\"@id\":\"https:\/\/battl-victory-records.com\/#\/schema\/logo\/image\/\"}}]}<\/script>\n<!-- \/ Yoast SEO Premium plugin. -->","yoast_head_json":{"title":"Artist Agency - Battl Victory Records","robots":{"index":"index","follow":"follow","max-snippet":"max-snippet:-1","max-image-preview":"max-image-preview:large","max-video-preview":"max-video-preview:-1"},"canonical":"https:\/\/battl-victory-records.com\/cs\/artist-agency\/","og_locale":"cs_CZ","og_type":"article","og_title":"Artist Agency","og_description":"We AreBattl Victory Records Welcome to Battl Victory Artist Management, your all-in-one solution for comprehensive artist development and concert booking [&hellip;]","og_url":"https:\/\/battl-victory-records.com\/cs\/artist-agency\/","og_site_name":"Battl Victory Records","article_modified_time":"2023-03-28T07:50:49+00:00","og_image":[{"url":"https:\/\/battl-victory-records.com\/wp-content\/uploads\/2022\/06\/BVArtistMngmt_Transparent-1024x717.png","type":"","width":"","height":""}],"twitter_card":"summary_large_image","twitter_misc":{"Odhadovan\u00e1 doba \u010dten\u00ed":"2 minuty"},"schema":{"@context":"https:\/\/schema.org","@graph":[{"@type":"WebPage","@id":"https:\/\/battl-victory-records.com\/en\/artist-agency\/","url":"https:\/\/battl-victory-records.com\/en\/artist-agency\/","name":"Artist Agency - Battl Victory Records","isPartOf":{"@id":"https:\/\/battl-victory-records.com\/#website"},"primaryImageOfPage":{"@id":"https:\/\/battl-victory-records.com\/en\/artist-agency\/#primaryimage"},"image":{"@id":"https:\/\/battl-victory-records.com\/en\/artist-agency\/#primaryimage"},"thumbnailUrl":"https:\/\/battl-victory-records.com\/wp-content\/uploads\/2022\/06\/BVArtistMngmt_Transparent-1024x717.png","datePublished":"2022-04-23T16:18:53+00:00","dateModified":"2023-03-28T07:50:49+00:00","breadcrumb":{"@id":"https:\/\/battl-victory-records.com\/en\/artist-agency\/#breadcrumb"},"inLanguage":"cs","potentialAction":[{"@type":"ReadAction","target":["https:\/\/battl-victory-records.com\/en\/artist-agency\/"]}]},{"@type":"ImageObject","inLanguage":"cs","@id":"https:\/\/battl-victory-records.com\/en\/artist-agency\/#primaryimage","url":"https:\/\/battl-victory-records.com\/wp-content\/uploads\/2022\/06\/BVArtistMngmt_Transparent-1024x717.png","contentUrl":"https:\/\/battl-victory-records.com\/wp-content\/uploads\/2022\/06\/BVArtistMngmt_Transparent-1024x717.png"},{"@type":"BreadcrumbList","@id":"https:\/\/battl-victory-records.com\/en\/artist-agency\/#breadcrumb","itemListElement":[{"@type":"ListItem","position":1,"name":"Home","item":"https:\/\/battl-victory-records.com\/en\/"},{"@type":"ListItem","position":2,"name":"Artist Agency"}]},{"@type":"WebSite","@id":"https:\/\/battl-victory-records.com\/#website","url":"https:\/\/battl-victory-records.com\/","name":"Battl Victory Records","description":"Nez\u00e1visl\u00e1 zna\u010dka pro ka\u017ed\u00fd \u017e\u00e1nr","publisher":{"@id":"https:\/\/battl-victory-records.com\/#organization"},"potentialAction":[{"@type":"SearchAction","target":{"@type":"EntryPoint","urlTemplate":"https:\/\/battl-victory-records.com\/?s={search_term_string}"},"query-input":{"@type":"PropertyValueSpecification","valueRequired":true,"valueName":"search_term_string"}}],"inLanguage":"cs"},{"@type":"Organization","@id":"https:\/\/battl-victory-records.com\/#organization","name":"Battl Victory Records","url":"https:\/\/battl-victory-records.com\/","logo":{"@type":"ImageObject","inLanguage":"cs","@id":"https:\/\/battl-victory-records.com\/#\/schema\/logo\/image\/","url":"https:\/\/battl-victory-records.com\/wp-content\/uploads\/page\/bvr\/Battl-Victory-Records_logow.png","contentUrl":"https:\/\/battl-victory-records.com\/wp-content\/uploads\/page\/bvr\/Battl-Victory-Records_logow.png","width":1453,"height":572,"caption":"Battl Victory Records"},"image":{"@id":"https:\/\/battl-victory-records.com\/#\/schema\/logo\/image\/"}}]}},"acf":[],"_links":{"self":[{"href":"https:\/\/battl-victory-records.com\/cs\/wp-json\/wp\/v2\/pages\/8221","targetHints":{"allow":["GET"]}}],"collection":[{"href":"https:\/\/battl-victory-records.com\/cs\/wp-json\/wp\/v2\/pages"}],"about":[{"href":"https:\/\/battl-victory-records.com\/cs\/wp-json\/wp\/v2\/types\/page"}],"author":[{"embeddable":true,"href":"https:\/\/battl-victory-records.com\/cs\/wp-json\/wp\/v2\/users\/1"}],"replies":[{"embeddable":true,"href":"https:\/\/battl-victory-records.com\/cs\/wp-json\/wp\/v2\/comments?post=8221"}],"version-history":[{"count":39,"href":"https:\/\/battl-victory-records.com\/cs\/wp-json\/wp\/v2\/pages\/8221\/revisions"}],"predecessor-version":[{"id":9267,"href":"https:\/\/battl-victory-records.com\/cs\/wp-json\/wp\/v2\/pages\/8221\/revisions\/9267"}],"wp:attachment":[{"href":"https:\/\/battl-victory-records.com\/cs\/wp-json\/wp\/v2\/media?parent=8221"}],"curies":[{"name":"wp","href":"https:\/\/api.w.org\/{rel}","templated":true}]}}